{"id":550,"date":"2011-04-20T15:32:08","date_gmt":"2011-04-20T15:32:08","guid":{"rendered":".\/?page_id=550"},"modified":"2011-04-20T15:32:17","modified_gmt":"2011-04-20T15:32:17","slug":"urbanism","status":"publish","type":"page","link":"https:\/\/comunasilisteacrucii.ro\/?page_id=550","title":{"rendered":"Urbanism"},"content":{"rendered":"<table border=\"0\" cellspacing=\"0\" cellpadding=\"4\" width=\"100%\" align=\"center\">\n<tbody>\n<tr>\n<td colspan=\"2\">Acte necesare pentru :<\/td>\n<\/tr>\n<tr>\n<td colspan=\"2\"><strong><big>\u00b7<\/big><\/strong>\u00a0\u00a0<a href=\"#20\"><strong>AUTORIZAREA EXECUT\u0102RII CONSTRUC\u0162IILOR \u015eI ACTELE NECESARE \u00ceN VEDEREA OB\u0162INERII ACESTEIA<\/strong><\/a><\/p>\n<hr \/>\n<\/td>\n<\/tr>\n<\/tbody>\n<\/table>\n<p>\u00a0<\/p>\n<table border=\"0\" cellspacing=\"0\" cellpadding=\"4\" width=\"100%\">\n<tbody>\n<tr>\n<td colspan=\"2\">Lista detaliat\u0103 cu acte :<\/td>\n<\/tr>\n<\/tbody>\n<\/table>\n<table border=\"0\" cellspacing=\"0\" cellpadding=\"0\" width=\"99.2%\" align=\"center\" bgcolor=\"#eeeeee\">\n<tbody>\n<tr>\n<td>\n<table border=\"2\" cellspacing=\"6\" cellpadding=\"0\" width=\"100%\">\n<tbody>\n<tr>\n<td align=\"left\"><a name=\"20\"><\/a><strong><strong>AUTORIZAREA EXECUT\u0102RII CONSTRUC\u0162IILOR \u015eI ACTELE NECESARE \u00ceN VEDEREA OB\u0162INERII ACESTEIA<\/strong><\/strong><\/td>\n<\/tr>\n<tr>\n<td><span>Autorizarea execut\u0103rii construc\u0163iilor este un proces ce constituie o component\u0103 a dezvolt\u0103rii urbane. Aceast\u0103 etap\u0103 este extrem de important\u0103 \u015fi totodat\u0103 sensibil\u0103 \u00eentruc\u00e2t constituie momentul \u00een care inten\u0163iile solicitantului autoriza\u0163iei ( persoan\u0103 fizic\u0103 sau juridic\u0103 ) se raporteaz\u0103 la interesele comunit\u0103\u0163ii privind dezvoltarea urbei \u00een ansamblu, inten\u0163ii materializate \u00een prevederile documenta\u0163iilor de urbanism \u015fi amenajarea teritoriului. Acest moment trebuie privit ca pe unul de confruntare, \u00een care individualul se supune regulilor precise ale colectivului. Pentru ob\u0163inerea autoriza\u0163iei de construire se pot ob\u0163ine formulare tipizate \u015fi detalii privind cele necesare.<\/p>\n<p><strong>Etape ce trebuiesc parcurse pentru ob\u0163inerea Autoriza\u0163iei de construire<\/strong><\/p>\n<p><strong>1. Certificatul de urbanism<\/strong> &#8211; Se ob\u0163ine \u00een urma depunerii la Prim\u0103rie (Serviciul de rela\u0163ii cu publicul) a urm\u0103toarelor:<br \/>\n\u2022 cerere tip (de la Serviciul rela\u0163ii cu publicul)<br \/>\n\u2022 plan de situa\u0163ie cotat care s\u0103 cuprind\u0103 inten\u0163iile investitorului (executat de un proiectant autorizat)<br \/>\n\u2022 memoriu de prezentare ( proiectant )<br \/>\n\u2022 extras de carte funciar\u0103 (de la Judec\u0103torie &#8211; Biroul de Carte funciar\u0103) sau alt act care confer\u0103 dreptul de folosin\u0163\u0103 al terenului sau cl\u0103dirii<br \/>\n\u2022 dovada achit\u0103rii taxei pentru certificatul de urbanism (caseria Prim\u0103riei ) <strong><em>\u00a0<\/em><\/strong><\/p>\n<p><strong><strong>2. <\/strong><strong>Autoriza\u0163ia de construire<\/strong><br \/>\n\u2022 cerere tip (de la Serviciul rela\u0163ii cu publicul)<br \/>\n\u2022 dovada achit\u0103rii taxei pentru eliberarea autoriza\u0163iei de construire ( 1 % din valoare ) taxa care se reduce cu 50 % pentru locuin\u0163e (Casieria Prim\u0103riei ),<br \/>\n\u2022 extras de carte funciar\u0103 ( de la Judec\u0103torie &#8211; biroul de carte funciar\u0103) sau alt act care confer\u0103 dreptul de folosin\u0163\u0103 al terenului sau cl\u0103dirii ( autentic \u015fi actualizat ),<br \/>\n\u2022 documenta\u0163ia tehnic\u0103 prev\u0103zut\u0103 de Legea nr.50 \/ 1991, republicat\u0103.<\/p>\n<p><em>Piese desenate<\/em><br \/>\n\u2022 plan de situa\u0163ie cu ridicare topografic\u0103,<br \/>\n\u2022 plan de \u00eencadrare \u00een zon\u0103,<br \/>\n\u2022 plan funda\u0163ii,<br \/>\n\u2022 planul tuturor nivelurilor,<br \/>\n\u2022 plan \u00eenvelitoare,<br \/>\n\u2022 toate fa\u0163adele,<br \/>\n\u2022 sec\u0163iuni caracteristice,<br \/>\n\u2022 alte piese desenate considerate necesare de proiectantul lucr\u0103rii sau solicitate \u00een certificatul de urbanism.<\/p>\n<p><em>Piese scrise<\/em><br \/>\n\u2022 memoriu tehnic de rezisten\u0163\u0103,<br \/>\n\u2022 memoriu de arhitectur\u0103,<br \/>\n\u2022 aviz geotehnic ( dup\u0103 caz ),<br \/>\n\u2022 avize de la furnizorii de utilit\u0103\u0163i ( dup\u0103 caz ),<br \/>\n\u2022 referat de verificare,<br \/>\n\u2022 expertiz\u0103 tehnic\u0103 ( dup\u0103 caz ),<br \/>\n\u2022 avize specifice pentru amplasarea construc\u0163iei,<br \/>\n\u2022 avize specifice pentru func\u0163ionarea construc\u0163iei,<br \/>\n\u2022 alte avize \u015fi acorduri solicitate \u00een certificatul de urbanism<\/p>\n<p><strong>Not\u0103:<\/strong> &#8211; fiecare plan\u015f\u0103 din piesele desenate va avea \u00een partea dreapt\u0103 jos un cartu\u015f care va cuprinde numele firmei sau al proiectantului elaborator, num\u0103rul autoriza\u0163iei, semn\u0103turile \u015fefului de proiect \u015fi ale elaboratorilor, titlul, num\u0103rul plan\u015fei, scara \u015fi data. Plan\u015fele vor fi \u00eentocmite \u015fi semnate de proiectan\u0163i de specialitate conform Legii nr.50 \/ 1991, republicat\u0103, art. 6 alin. 4 pct. &#8220;a&#8221;, &#8220;b&#8221; privind competen\u0163a de semnare.<br \/>\nDup\u0103 ob\u0163inerea autoriza\u0163iei de construire beneficiarul acesteia are obliga\u0163ia s\u0103 anun\u0163e \u00eenceperea lucr\u0103rilor, prin completarea \u015fi depunerea formularelor primite odat\u0103 cu autoriza\u0163ia de construire (de la Serviciul rela\u0163ii cu publicul ) at\u00e2t la Prim\u0103rie c\u00e2t \u015fi la Inspectoratul Teritorial \u00een Construc\u0163ii &#8211; Direc\u0163ia Jude\u0163ean\u0103 de Control \u00een Construc\u0163ii. Dup\u0103 terminarea lucr\u0103rilor beneficiarul acestora are obliga\u0163ia de a se prezenta la Prim\u0103rie\u00a0 &#8211; Compartimentul Eviden\u0163\u0103 \u00een Construc\u0163ii &#8211; pentru regularizarea taxei privind autorizarea construc\u0163iei, \u00een func\u0163ie de valoarea total\u0103 a investi\u0163iei.<br \/>\nPrivit\u0103 din perspectiva dezvolt\u0103rii urbane, autorizarea construc\u0163iilor este etapa de implementare a Planurilor de Urbanism. Privit\u0103 din perspectiva investitorului, autorizarea construc\u0163iilor este etapa de demarare a unui proces, construc\u0163ia este mijlocul ce contribuie la ob\u0163inerea profitului.<br \/>\nPentru alte detalii v\u0103 st\u0103m la dispozi\u0163ie prin Serviciul rela\u0163ii cu publicul, \u00een zilele lucr\u0103toare \u00eentre orele 8,oo &#8211; 18,oo.<\/p>\n<p><\/strong>\u00a0<\/p>\n<p><\/span><em>\u00a0<\/em><\/td>\n<\/tr>\n<tr>\n<td align=\"right\"><a href=\"#\">Sus<\/a><\/td>\n<\/tr>\n<\/tbody>\n<\/table>\n<\/td>\n<\/tr>\n<\/tbody>\n<\/table>\n<p style=\"text-align: center;\"><span>[ <a title=\"Acte necesare\" href=\".\/?page_id=420\">index Acte Necesare<\/a> ]<\/span><\/p>\n","protected":false},"excerpt":{"rendered":"<p>Acte necesare pentru : \u00b7\u00a0\u00a0AUTORIZAREA EXECUT\u0102RII CONSTRUC\u0162IILOR \u015eI ACTELE NECESARE \u00ceN VEDEREA OB\u0162INERII ACESTEIA \u00a0 Lista detaliat\u0103 cu acte : AUTORIZAREA EXECUT\u0102RII CONSTRUC\u0162IILOR \u015eI ACTELE NECESARE \u00ceN VEDEREA OB\u0162INERII ACESTEIA Autorizarea execut\u0103rii construc\u0163iilor este un proces ce constituie o component\u0103 a dezvolt\u0103rii urbane. Aceast\u0103 etap\u0103 este extrem de important\u0103 \u015fi totodat\u0103 sensibil\u0103 \u00eentruc\u00e2t constituie momentul &hellip; <a href=\"https:\/\/comunasilisteacrucii.ro\/?page_id=550\" class=\"more-link\">Continue reading <span class=\"screen-reader-text\">Urbanism<\/span> <span class=\"meta-nav\">&rarr;<\/span><\/a><\/p>\n","protected":false},"author":2,"featured_media":0,"parent":420,"menu_order":0,"comment_status":"closed","ping_status":"closed","template":"","meta":{"footnotes":""},"class_list":["post-550","page","type-page","status-publish","hentry"],"_links":{"self":[{"href":"https:\/\/comunasilisteacrucii.ro\/index.php?rest_route=\/wp\/v2\/pages\/550","targetHints":{"allow":["GET"]}}],"collection":[{"href":"https:\/\/comunasilisteacrucii.ro\/index.php?rest_route=\/wp\/v2\/pages"}],"about":[{"href":"https:\/\/comunasilisteacrucii.ro\/index.php?rest_route=\/wp\/v2\/types\/page"}],"author":[{"embeddable":true,"href":"https:\/\/comunasilisteacrucii.ro\/index.php?rest_route=\/wp\/v2\/users\/2"}],"replies":[{"embeddable":true,"href":"https:\/\/comunasilisteacrucii.ro\/index.php?rest_route=%2Fwp%2Fv2%2Fcomments&post=550"}],"version-history":[{"count":2,"href":"https:\/\/comunasilisteacrucii.ro\/index.php?rest_route=\/wp\/v2\/pages\/550\/revisions"}],"predecessor-version":[{"id":552,"href":"https:\/\/comunasilisteacrucii.ro\/index.php?rest_route=\/wp\/v2\/pages\/550\/revisions\/552"}],"up":[{"embeddable":true,"href":"https:\/\/comunasilisteacrucii.ro\/index.php?rest_route=\/wp\/v2\/pages\/420"}],"wp:attachment":[{"href":"https:\/\/comunasilisteacrucii.ro\/index.php?rest_route=%2Fwp%2Fv2%2Fmedia&parent=550"}],"curies":[{"name":"wp","href":"https:\/\/api.w.org\/{rel}","templated":true}]}}