{"id":518,"date":"2011-04-20T14:11:46","date_gmt":"2011-04-20T14:11:46","guid":{"rendered":".\/?page_id=518"},"modified":"2011-04-21T06:31:39","modified_gmt":"2011-04-21T06:31:39","slug":"serviciul-ediliatar","status":"publish","type":"page","link":"https:\/\/comunasilisteacrucii.ro\/?page_id=518","title":{"rendered":"Serviciul Ediliatar"},"content":{"rendered":"<table border=\"0\" cellspacing=\"0\" cellpadding=\"4\" width=\"100%\" align=\"center\">\n<tbody>\n<tr>\n<td colspan=\"2\">Acte necesare pentru :<\/td>\n<\/tr>\n<tr>\n<td colspan=\"2\"><strong><big>\u00b7<\/big><\/strong>\u00a0\u00a0<a href=\"#128\">Acte necesare pentru \u00eenregistrarea vehiculelor (mopede)<\/a><\/p>\n<hr \/>\n<p><strong><big>\u00b7<\/big><\/strong>\u00a0\u00a0<a href=\"#129\">Acte necesare pentru radierea din circula\u0163ie, la solicitarea proprietarilor de vehicule \u00eenmatriculate sau \u00eenregistrate<\/a><\/p>\n<hr \/>\n<p><strong><big>\u00b7<\/big><\/strong>\u00a0\u00a0<a href=\"#130\">Acte necesare pentru pentru \u00eenregistrarea tramvaielor \u015fi a buldoexcavatoarelor:<\/a><\/p>\n<hr \/>\n<p><strong><big>\u00b7<\/big><\/strong>\u00a0<a href=\"#131\">\u00a0Acte necesare pentru \u00eenregistrarea vehiculelor cu trac\u0163iune animal\u0103:<\/a><\/p>\n<hr \/>\n<\/td>\n<\/tr>\n<\/tbody>\n<\/table>\n<p>\u00a0<\/p>\n<table border=\"0\" cellspacing=\"0\" cellpadding=\"4\" width=\"100%\">\n<tbody>\n<tr>\n<td colspan=\"2\">Lista detaliat\u0103 cu acte :<\/td>\n<\/tr>\n<\/tbody>\n<\/table>\n<table border=\"0\" cellspacing=\"0\" cellpadding=\"0\" width=\"99.2%\" align=\"center\" bgcolor=\"#eeeeee\">\n<tbody>\n<tr>\n<td>\n<table border=\"2\" cellspacing=\"6\" cellpadding=\"0\" width=\"100%\">\n<tbody>\n<tr>\n<td align=\"left\"><a name=\"128\"><\/a><strong>Acte necesare pentru \u00eenregistrarea vehiculelor (mopede)<\/strong><\/td>\n<\/tr>\n<tr>\n<td>\n<div><span>Conform Hot\u0103r\u00e2rii\u00a0 privind reglementarea \u00eenregistr\u0103rii vehiculelor care circul\u0103 ocazional pe drumurile publice \u015fi \u00a0pentru care nu exist\u0103 obligativitatea \u00eenmatricul\u0103rii \u00a0sunt necesare urm\u0103toarele acte:<\/span><\/div>\n<div><span>&#8211; <strong><a href=\".\/pdf\/Formulare\/tipizate\/pdf182.pdf\">Cerere \u00eenregistrare vehicule conform HCL<\/a><\/strong><br \/>\n&#8211; actul de identitate al solicitantului \u00een copie \u015fi original pentru persoane fizice sau certificatul de \u00eenmatriculare al solicitantului pentru persoane juridice.<br \/>\n&#8211; actul de proprietate pentru vehicul \u00een copie \u015fi original<br \/>\n&#8211; dovada pl\u0103\u0163ii contravalorii certificatului de \u00eenregistrare, precum \u015fi a pl\u0103cu\u0163elor cu num\u0103r de \u00eenregistrare.<br \/>\n&#8211; dovada achit\u0103rii taxelor c\u0103tre bugetul local<br \/>\n&#8211; cartea de identitate a vehiculului(CIV)<\/span><\/div>\n<p><span>\u00a0<\/p>\n<p><\/span><\/td>\n<\/tr>\n<tr>\n<td align=\"right\"><a href=\"#\">Sus<\/a><\/td>\n<\/tr>\n<\/tbody>\n<\/table>\n<\/td>\n<\/tr>\n<\/tbody>\n<\/table>\n<p>\u00a0<\/p>\n<table border=\"0\" cellspacing=\"0\" cellpadding=\"0\" width=\"99.2%\" align=\"center\" bgcolor=\"#eeeeee\">\n<tbody>\n<tr>\n<td>\n<table border=\"2\" cellspacing=\"6\" cellpadding=\"0\" width=\"100%\">\n<tbody>\n<tr>\n<td align=\"left\"><a name=\"129\"><\/a><strong>Acte necesare pentru radierea din circula\u0163ie, la solicitarea proprietarilor de vehicule \u00eenmatriculate sau \u00eenregistrate<\/strong><\/td>\n<\/tr>\n<tr>\n<td><span>&#8211; cererea solicitantului<br \/>\n&#8211; actul de identitate al solicitantului \u00een copie \u015fi original pentru persoane fizice sau certificatul de \u00eenmatriculare pentru persoane juridice \u00een original \u015fi \u00een copie<br \/>\n&#8211; actul de proprietare asupra vehiculului \u00een copie \u015fi original<br \/>\n&#8211; certificatul de \u00eenregistrare<strong><em>IMPORTANT<\/em><\/strong><br \/>\n<em>\u00a0\u00a0\u00a0\u00a0\u00a0\u00a0 \u00a0\u00a0\u00a0Proprietarii de vehicule \u00eenmatriculate sunt obliga\u0163i s\u0103 solicite radierea din circula\u0163ie \u00een termen de 30 zile de la data:<\/em><br \/>\n<em>&#8211; declar\u0103rii furtului vehiculului<\/em><br \/>\n<em>&#8211; trecerea vehiculului \u00eenregistrat \u00een proprietatea altei persoane<\/em>\u00a0<\/p>\n<p><\/span><\/td>\n<\/tr>\n<tr>\n<td align=\"right\"><a href=\"#\">Sus<\/a><\/td>\n<\/tr>\n<\/tbody>\n<\/table>\n<\/td>\n<\/tr>\n<\/tbody>\n<\/table>\n<p>\u00a0<\/p>\n<table border=\"0\" cellspacing=\"0\" cellpadding=\"0\" width=\"99.2%\" align=\"center\" bgcolor=\"#eeeeee\">\n<tbody>\n<tr>\n<td>\n<table border=\"2\" cellspacing=\"6\" cellpadding=\"0\" width=\"100%\">\n<tbody>\n<tr>\n<td align=\"left\"><a name=\"130\"><\/a><strong>Acte necesare pentru pentru \u00eenregistrarea tramvaielor \u015fi a buldoexcavatoarelor:<\/strong><\/td>\n<\/tr>\n<tr>\n<td><span>&#8211; cererea solicitantului<br \/>\n&#8211; certificat de atestare fiscal\u0103 privind impozitele \u015fi taxele locale<br \/>\n&#8211; contract de vanzare-cump\u0103rare<br \/>\n&#8211; not\u0103 (se elibereaza de Registru Auto Roman)<br \/>\n&#8211; certificat de \u00eenregistrare(se elibereaza de la Oficiul Registrului Comertului)<br \/>\n&#8211; dovada contravalorii pl\u0103cu\u0163elor \u015fi a certificatului de \u00eenregistrare\u00a0\u00a0<\/p>\n<p><\/span><\/td>\n<\/tr>\n<tr>\n<td align=\"right\"><a href=\"#\">Sus<\/a><\/td>\n<\/tr>\n<\/tbody>\n<\/table>\n<\/td>\n<\/tr>\n<\/tbody>\n<\/table>\n<p>\u00a0<\/p>\n<table border=\"0\" cellspacing=\"0\" cellpadding=\"0\" width=\"99.2%\" align=\"center\" bgcolor=\"#eeeeee\">\n<tbody>\n<tr>\n<td>\n<table border=\"2\" cellspacing=\"6\" cellpadding=\"0\" width=\"100%\">\n<tbody>\n<tr>\n<td align=\"left\"><a name=\"131\"><\/a><strong>Acte necesare pentru \u00eenregistrarea vehiculelor cu trac\u0163iune animal\u0103:<\/strong><\/td>\n<\/tr>\n<tr>\n<td><span>&#8211; cererea solicitantului<br \/>\n&#8211; actul de identitate al solicitantului \u00een copie \u015fi original<br \/>\n&#8211; actul de proprietate pentru vehicul \u00een copie \u015fi original<br \/>\n&#8211; dovada pl\u0103\u0163ii contravalorii certificatului de \u00eenregistrare precum \u015fi a pl\u0103cu\u0163elor cu num\u0103rul de \u00eenregistrare<br \/>\n&#8211; dovada achit\u0103rii taxelor c\u0103tre bugetul local\u00a0\u00a0<\/p>\n<p><\/span><\/td>\n<\/tr>\n<tr>\n<td align=\"right\"><a href=\"#\">Sus<\/a><\/td>\n<\/tr>\n<\/tbody>\n<\/table>\n<\/td>\n<\/tr>\n<\/tbody>\n<\/table>\n<p style=\"text-align: center;\"><span><a title=\"Acte necesare\" href=\".\/?page_id=420\">[ index Acte Necesare ]<\/a><\/span><\/p>\n","protected":false},"excerpt":{"rendered":"<p>Acte necesare pentru : \u00b7\u00a0\u00a0Acte necesare pentru \u00eenregistrarea vehiculelor (mopede) \u00b7\u00a0\u00a0Acte necesare pentru radierea din circula\u0163ie, la solicitarea proprietarilor de vehicule \u00eenmatriculate sau \u00eenregistrate \u00b7\u00a0\u00a0Acte necesare pentru pentru \u00eenregistrarea tramvaielor \u015fi a buldoexcavatoarelor: \u00b7\u00a0\u00a0Acte necesare pentru \u00eenregistrarea vehiculelor cu trac\u0163iune animal\u0103: \u00a0 Lista detaliat\u0103 cu acte : Acte necesare pentru \u00eenregistrarea vehiculelor (mopede) Conform Hot\u0103r\u00e2rii\u00a0 &hellip; <a href=\"https:\/\/comunasilisteacrucii.ro\/?page_id=518\" class=\"more-link\">Continue reading <span class=\"screen-reader-text\">Serviciul Ediliatar<\/span> <span class=\"meta-nav\">&rarr;<\/span><\/a><\/p>\n","protected":false},"author":2,"featured_media":0,"parent":420,"menu_order":0,"comment_status":"closed","ping_status":"closed","template":"","meta":{"footnotes":""},"class_list":["post-518","page","type-page","status-publish","hentry"],"_links":{"self":[{"href":"https:\/\/comunasilisteacrucii.ro\/index.php?rest_route=\/wp\/v2\/pages\/518","targetHints":{"allow":["GET"]}}],"collection":[{"href":"https:\/\/comunasilisteacrucii.ro\/index.php?rest_route=\/wp\/v2\/pages"}],"about":[{"href":"https:\/\/comunasilisteacrucii.ro\/index.php?rest_route=\/wp\/v2\/types\/page"}],"author":[{"embeddable":true,"href":"https:\/\/comunasilisteacrucii.ro\/index.php?rest_route=\/wp\/v2\/users\/2"}],"replies":[{"embeddable":true,"href":"https:\/\/comunasilisteacrucii.ro\/index.php?rest_route=%2Fwp%2Fv2%2Fcomments&post=518"}],"version-history":[{"count":5,"href":"https:\/\/comunasilisteacrucii.ro\/index.php?rest_route=\/wp\/v2\/pages\/518\/revisions"}],"predecessor-version":[{"id":587,"href":"https:\/\/comunasilisteacrucii.ro\/index.php?rest_route=\/wp\/v2\/pages\/518\/revisions\/587"}],"up":[{"embeddable":true,"href":"https:\/\/comunasilisteacrucii.ro\/index.php?rest_route=\/wp\/v2\/pages\/420"}],"wp:attachment":[{"href":"https:\/\/comunasilisteacrucii.ro\/index.php?rest_route=%2Fwp%2Fv2%2Fmedia&parent=518"}],"curies":[{"name":"wp","href":"https:\/\/api.w.org\/{rel}","templated":true}]}}