{"id":503,"date":"2011-04-20T13:01:36","date_gmt":"2011-04-20T13:01:36","guid":{"rendered":".\/?page_id=503"},"modified":"2011-04-20T15:06:09","modified_gmt":"2011-04-20T15:06:09","slug":"persoane-juridice","status":"publish","type":"page","link":"https:\/\/comunasilisteacrucii.ro\/?page_id=503","title":{"rendered":"Persoane juridice"},"content":{"rendered":"<p>Acte necesare pentru :<br \/>\n<strong><big>\u00b7<\/big><\/strong>\u00a0\u00a0<a href=\"#143\">1. Declara\u0163ie de impunere pentru stabilirea impozitului\/taxei pe cl\u0103diri<br \/>\n<\/a><strong><big>\u00b7<\/big><\/strong>\u00a0<a href=\"#144\">\u00a02. Declara\u0163ie de impunere pentru stabilirea impozitului\/taxei pe teren<\/a><br \/>\n<strong><big>\u00b7<\/big><\/strong>\u00a0\u00a0<a href=\"#145\">3. Declara\u0163ie de impunere pentru stabilirea taxei auto<br \/>\n<\/a><strong><big>\u00b7<\/big><\/strong>\u00a0\u00a0<a href=\"#146\">4. Declara\u0163ie privind taxa special\u0103 de salubrizare<\/a><br \/>\n<strong><big>\u00b7<\/big><\/strong>\u00a0\u00a0 <a href=\"#147\">5. Declara\u0163ie de impunere privind stabilirea taxei, \u00een sum\u0103 fix\u0103, pentru folosirea mijloacelor de reclam\u0103 \u015fi publicitate, precum \u015fi pentru firma instalat\u0103 la locul exercit\u0103rii activit\u0103\u0163ii<br \/>\n<\/a><strong><big>\u00b7<\/big><\/strong>\u00a0<a href=\"#148\">\u00a06. Cerere pentru \u00eenregistrarea\/ vizarea abonamentelor \u015fi a biletelor de intrare la spectacole<\/a><br \/>\n<strong><big>\u00b7<\/big><\/strong> 7<a href=\"#149\">. Declara\u0163ie de impunere pentru stabilirea impozitului pe spectacole \u00een cazul activit\u0103\u0163ilor artistice \u015fi distractive de videotec\u0103 \u015fi discotec\u0103<br \/>\n<\/a><strong><big>\u00b7<\/big><\/strong> <a href=\"#151\">8. Pentru eliberarea certificatului fiscal la persoane juridice:<\/a><br \/>\n<strong><big>\u00b7<\/big><\/strong> <a href=\"#152\">9. Declara\u0163ia de impunere pentru ocuparea domeniului public:<\/a><br \/>\n\u00a0<\/p>\n<table border=\"0\" cellspacing=\"0\" cellpadding=\"4\" width=\"100%\">\n<tbody>\n<tr>\n<td colspan=\"2\">Lista detaliat\u0103 cu acte :<\/td>\n<\/tr>\n<\/tbody>\n<\/table>\n<p>\u00a0<\/p>\n<table border=\"0\" cellspacing=\"0\" cellpadding=\"0\" width=\"99.2%\" align=\"center\" bgcolor=\"#eeeeee\">\n<tbody>\n<tr>\n<td>\n<table border=\"2\" cellspacing=\"6\" cellpadding=\"0\" width=\"100%\">\n<tbody>\n<tr>\n<td align=\"left\"><a name=\"143\"><\/a><strong>1. Declara\u0163ie de impunere pentru stabilirea impozitului\/taxei pe cl\u0103diri<\/strong><\/td>\n<\/tr>\n<tr>\n<td><span>a) \u00een cazul dob\u00e2ndirii\/\u00eenstr\u0103in\u0103rii<br \/>\n&#8211; declara\u0163ia de impunere &#8211; tip;<br \/>\n&#8211; copia actului de dob\u00e2ndire\/\u00eenstr\u0103inare;<br \/>\n&#8211; copie Cod unic de \u00eenregistrare<br \/>\n&#8211; nota contabil\u0103 cu valoarea \u00eenregistrat\u0103 \u00een contabilitate a imobilului dob\u00e2ndit\/\u00eenstr\u0103inat<br \/>\n&#8211; \u015ftampil\u0103b) \u00een cazul cl\u0103dirilor nou construite<br \/>\n&#8211; proces verbal recep\u0163ie<br \/>\n&#8211; copie autoriza\u0163ie construire<br \/>\n&#8211; adeverin\u0163\u0103 PMA- Serviciul Construc\u0163ii \u015fi Urbanism<br \/>\n&#8211; nota contabil\u0103 cu valoarea \u00eenregistrat\u0103 \u00een contabilitate a imobilului<br \/>\n&#8211; declara\u0163ia de impunere &#8211; tip<br \/>\n&#8211; \u015ftampil\u0103c) \u00een cazul reevalu\u0103rilor<br \/>\n&#8211; raportul de reevaluare \u2013 copie<br \/>\n&#8211; hot\u0103r\u00e2rea AGA privind aprobarea rezultatului reevalu\u0103rii<br \/>\n&#8211; nota contabil\u0103 cu valoarea \u00eenregistrat\u0103 \u00een contabilitate a diferen\u0163elor din reevaluare<br \/>\n&#8211; declara\u0163ia de impunere &#8211; tip<br \/>\n&#8211; \u015ftampil\u0103\u00a0\u00a0\u00a0<\/p>\n<p><\/span><\/td>\n<\/tr>\n<tr>\n<td align=\"right\"><a href=\"#\">Sus<\/a><\/td>\n<\/tr>\n<\/tbody>\n<\/table>\n<\/td>\n<\/tr>\n<\/tbody>\n<\/table>\n<p>\u00a0<\/p>\n<table border=\"0\" cellspacing=\"0\" cellpadding=\"0\" width=\"99.2%\" align=\"center\" bgcolor=\"#eeeeee\">\n<tbody>\n<tr>\n<td>\n<table border=\"2\" cellspacing=\"6\" cellpadding=\"0\" width=\"100%\">\n<tbody>\n<tr>\n<td align=\"left\"><a name=\"144\"><\/a><strong>2. Declara\u0163ie de impunere pentru stabilirea impozitului\/taxei pe teren<\/strong><\/td>\n<\/tr>\n<tr>\n<td><span>&#8211; declara\u0163ia de impunere &#8211; tip<br \/>\n&#8211; copia actului de dob\u00e2ndire\/\u00eenstr\u0103inare;<br \/>\n&#8211; copie Cod unic de \u00eenregistrare<br \/>\n&#8211; situa\u0163ia privind suprafe\u0163ele libere \u015fi cele ocupate de cl\u0103diri;\u2022 \u00een cazul terenurilor intravilane, <strong>\u00eenregistrate la registrul agricol: <\/strong><br \/>\n&#8211; Copie statut<br \/>\n&#8211; ultima balan\u0163a de verificare<br \/>\n&#8211; \u015ftampil\u0103- adeverin\u0163a de certificare adres\u0103 eliberat\u0103 de Serviciul Cadastru \u015fi Agricultur\u0103 pentru terenurile intravilane care nu au specificat\u0103 adresa \u00een contractul de v\u00e2nzare-cump\u0103rare sau \u00een extrasul de carte funciar\u0103.\u00a0\u00a0\u00a0<\/p>\n<p><\/span><\/td>\n<\/tr>\n<tr>\n<td align=\"right\"><a href=\"#\">Sus<\/a><\/td>\n<\/tr>\n<\/tbody>\n<\/table>\n<\/td>\n<\/tr>\n<\/tbody>\n<\/table>\n<p>\u00a0<\/p>\n<table border=\"0\" cellspacing=\"0\" cellpadding=\"0\" width=\"99.2%\" align=\"center\" bgcolor=\"#eeeeee\">\n<tbody>\n<tr>\n<td>\n<table border=\"2\" cellspacing=\"6\" cellpadding=\"0\" width=\"100%\">\n<tbody>\n<tr>\n<td align=\"left\"><a name=\"145\"><\/a><strong>3. Declara\u0163ie de impunere pentru stabilirea taxei auto<\/strong><\/td>\n<\/tr>\n<tr>\n<td><span>&#8211; declara\u0163ia de impunere &#8211; tip<br \/>\n&#8211; copia actului de dob\u00e2ndire\/\u00eenstr\u0103inare;<br \/>\n&#8211; copie Cod unic de \u00eenregistrare;<br \/>\n&#8211; copie Cartea de identitate a autovehiculului;<br \/>\n&#8211; copie talon (\u00een cazul radierii);<br \/>\n&#8211; \u015ftampil\u0103.<br \/>\n<\/span><\/td>\n<\/tr>\n<tr>\n<td align=\"right\"><a href=\"#\">Sus<\/a><\/td>\n<\/tr>\n<\/tbody>\n<\/table>\n<\/td>\n<\/tr>\n<\/tbody>\n<\/table>\n<p>\u00a0<\/p>\n<table border=\"0\" cellspacing=\"0\" cellpadding=\"0\" width=\"99.2%\" align=\"center\" bgcolor=\"#eeeeee\">\n<tbody>\n<tr>\n<td>\n<table border=\"2\" cellspacing=\"6\" cellpadding=\"0\" width=\"100%\">\n<tbody>\n<tr>\n<td align=\"left\"><a name=\"146\"><\/a><strong>4. Declara\u0163ie privind taxa special\u0103 de salubrizare<\/strong><\/td>\n<\/tr>\n<tr>\n<td><span>&#8211; declara\u0163ia de impunere &#8211; tip<br \/>\n&#8211; copie Cod unic de \u00eenregistrare<br \/>\n&#8211; men\u0163iune de la Oficiul Registrului Comer\u0163ului \u00een cazul \u00eentreruperii sau suspend\u0103rii activit\u0103\u0163ii \u015fi\/sau ultima balan\u0163\u0103 de verificare;<br \/>\n<\/span><\/td>\n<\/tr>\n<tr>\n<td align=\"right\"><a href=\"#\">Sus<\/a><\/td>\n<\/tr>\n<\/tbody>\n<\/table>\n<\/td>\n<\/tr>\n<\/tbody>\n<\/table>\n<p>\u00a0<\/p>\n<table border=\"0\" cellspacing=\"0\" cellpadding=\"0\" width=\"99.2%\" align=\"center\" bgcolor=\"#eeeeee\">\n<tbody>\n<tr>\n<td>\n<table border=\"2\" cellspacing=\"6\" cellpadding=\"0\" width=\"100%\">\n<tbody>\n<tr>\n<td align=\"left\"><a name=\"147\"><\/a><strong>5. Declara\u0163ie de impunere privind stabilirea taxei, \u00een sum\u0103 fix\u0103, pentru folosirea mijloacelor de reclam\u0103 \u015fi publicitate, precum \u015fi pentru firma instalat\u0103 la locul exercit\u0103rii activit\u0103\u0163ii<\/strong><\/td>\n<\/tr>\n<tr>\n<td><span>&#8211; declara\u0163ia tip;<br \/>\n&#8211; copia autoriza\u0163iei de construire;<br \/>\n&#8211; copie Cod unic de \u00eenregistrare.- copie a contractului de prest\u0103ri servicii \u015fi a facturilor emise \u00een cazul <strong>taxei pentru servicii de reclam\u0103 \u015fi publicitate<\/strong> realizate \u00een baza unui contract sau a unui alt fel de \u00een\u0163elegere \u00eencheiat\u0103 cu alt\u0103 persoan\u0103;\u00a0\u00a0\u00a0\u00a0<\/p>\n<p><\/span><\/td>\n<\/tr>\n<tr>\n<td align=\"right\"><a href=\"#\">Sus<\/a><\/td>\n<\/tr>\n<\/tbody>\n<\/table>\n<\/td>\n<\/tr>\n<\/tbody>\n<\/table>\n<p>\u00a0<\/p>\n<table border=\"0\" cellspacing=\"0\" cellpadding=\"0\" width=\"99.2%\" align=\"center\" bgcolor=\"#eeeeee\">\n<tbody>\n<tr>\n<td>\n<table border=\"2\" cellspacing=\"6\" cellpadding=\"0\" width=\"100%\">\n<tbody>\n<tr>\n<td align=\"left\"><a name=\"148\"><\/a><strong>6. Cerere pentru \u00eenregistrarea\/ vizarea abonamentelor \u015fi a biletelor de intrare la spectacole<\/strong><\/td>\n<\/tr>\n<tr>\n<td><span>&#8211; cerere tip;<br \/>\n&#8211; copia facturii de tip\u0103rire a biletelor\/abonamentelor;<br \/>\n&#8211; copie Cod unic de \u00eenregistrare<br \/>\n&#8211; prezentarea biletelor \u00een vederea fiscaliz\u0103rii.<br \/>\n<\/span><\/td>\n<\/tr>\n<tr>\n<td align=\"right\"><a href=\"#\">Sus<\/a><\/td>\n<\/tr>\n<\/tbody>\n<\/table>\n<\/td>\n<\/tr>\n<\/tbody>\n<\/table>\n<table border=\"0\" cellspacing=\"0\" cellpadding=\"0\" width=\"99.2%\" align=\"center\" bgcolor=\"#eeeeee\">\n<tbody>\n<tr>\n<td>\n<table border=\"2\" cellspacing=\"6\" cellpadding=\"0\" width=\"100%\">\n<tbody>\n<tr>\n<td align=\"left\"><a name=\"149\"><\/a><strong>7. Declara\u0163ie de impunere pentru stabilirea impozitului pe spectacole \u00een cazul activit\u0103\u0163ilor artistice \u015fi distractive de videotec\u0103 \u015fi discotec\u0103<\/strong><\/td>\n<\/tr>\n<tr>\n<td>&#8211; declara\u0163ia tip;<br \/>\n&#8211; copie a releveului suprafe\u0163ei incintei \u00een care se desf\u0103\u015foar\u0103 activit\u0103\u0163ile artistice \u015fi distractive de videotec\u0103 \u015fi discotec\u0103;<\/td>\n<\/tr>\n<tr>\n<td align=\"right\"><a href=\"#\">Sus<\/a><\/td>\n<\/tr>\n<\/tbody>\n<\/table>\n<\/td>\n<\/tr>\n<\/tbody>\n<\/table>\n<table border=\"0\" cellspacing=\"0\" cellpadding=\"0\" width=\"99.2%\" align=\"center\" bgcolor=\"#eeeeee\">\n<tbody>\n<tr>\n<td>\n<table border=\"2\" cellspacing=\"6\" cellpadding=\"0\" width=\"100%\">\n<tbody>\n<tr>\n<td align=\"left\"><a name=\"151\"><\/a><strong>8. Pentru eliberarea certificatului fiscal la persoane juridice:<\/strong><\/td>\n<\/tr>\n<tr>\n<td>&#8211; cererea tip (<a href=\".\/pdf\/Formulare\/tipizate\/pdf71.pdf\">Model 2006 ITL 015<\/a>);<br \/>\n&#8211; copie Cod unic de \u00eenregistrare;<br \/>\n&#8211; copia c\u0103r\u0163ii de identitate a persoanei delegat\u0103 de societate s\u0103 solicite certificatul fiscal;<br \/>\n&#8211; \u015ftampila societ\u0103\u0163ii;<br \/>\n&#8211; ultima balan\u0163\u0103 de verificare<\/td>\n<\/tr>\n<tr>\n<td align=\"right\"><a href=\"#\">Sus<\/a><\/td>\n<\/tr>\n<\/tbody>\n<\/table>\n<\/td>\n<\/tr>\n<\/tbody>\n<\/table>\n<table border=\"0\" cellspacing=\"0\" cellpadding=\"0\" width=\"99.2%\" align=\"center\" bgcolor=\"#eeeeee\">\n<tbody>\n<tr>\n<td>\n<table border=\"2\" cellspacing=\"6\" cellpadding=\"0\" width=\"100%\">\n<tbody>\n<tr>\n<td align=\"left\"><a name=\"152\"><\/a><strong>9. Declara\u0163ia de impunere pentru ocuparea domeniului public:<\/strong><\/td>\n<\/tr>\n<tr>\n<td>&#8211; declara\u0163ia tip (<a href=\".\/pdf\/Formulare\/tipizate\/pdf202.pdf\">Anexa nr.1.1 la HCL privind stabilirea impozitelor \u015fi taxelor locale<\/a>);<br \/>\n&#8211; avizul arhitectului \u015fef sau acordul primarului \/ viceprimarului (dup\u0103 caz);<br \/>\n&#8211; cererea de fiscalizare (\u00een cazul afi\u015felor \u015fi flutura\u015filor);<br \/>\n&#8211; \u015ftampila societ\u0103\u0163ii;<\/td>\n<\/tr>\n<tr>\n<td align=\"right\"><a href=\"#\">Sus<\/a><\/td>\n<\/tr>\n<\/tbody>\n<\/table>\n<\/td>\n<\/tr>\n<\/tbody>\n<\/table>\n<p style=\"text-align: center;\"><span>\u00a0<\/span><\/p>\n<p style=\"text-align: center;\"><span>\u00a0<\/span><\/p>\n<p style=\"text-align: center;\"><span><a title=\"Acte necesare\" href=\".\/?page_id=420\">[ index Acte Necesare ]<\/a><\/span><\/p>\n","protected":false},"excerpt":{"rendered":"<p>Acte necesare pentru : \u00b7\u00a0\u00a01. Declara\u0163ie de impunere pentru stabilirea impozitului\/taxei pe cl\u0103diri \u00b7\u00a0\u00a02. Declara\u0163ie de impunere pentru stabilirea impozitului\/taxei pe teren \u00b7\u00a0\u00a03. Declara\u0163ie de impunere pentru stabilirea taxei auto \u00b7\u00a0\u00a04. Declara\u0163ie privind taxa special\u0103 de salubrizare \u00b7\u00a0\u00a0 5. Declara\u0163ie de impunere privind stabilirea taxei, \u00een sum\u0103 fix\u0103, pentru folosirea mijloacelor de reclam\u0103 \u015fi publicitate, &hellip; <a href=\"https:\/\/comunasilisteacrucii.ro\/?page_id=503\" class=\"more-link\">Continue reading <span class=\"screen-reader-text\">Persoane juridice<\/span> <span class=\"meta-nav\">&rarr;<\/span><\/a><\/p>\n","protected":false},"author":2,"featured_media":0,"parent":420,"menu_order":0,"comment_status":"closed","ping_status":"closed","template":"","meta":{"footnotes":""},"class_list":["post-503","page","type-page","status-publish","hentry"],"_links":{"self":[{"href":"https:\/\/comunasilisteacrucii.ro\/index.php?rest_route=\/wp\/v2\/pages\/503","targetHints":{"allow":["GET"]}}],"collection":[{"href":"https:\/\/comunasilisteacrucii.ro\/index.php?rest_route=\/wp\/v2\/pages"}],"about":[{"href":"https:\/\/comunasilisteacrucii.ro\/index.php?rest_route=\/wp\/v2\/types\/page"}],"author":[{"embeddable":true,"href":"https:\/\/comunasilisteacrucii.ro\/index.php?rest_route=\/wp\/v2\/users\/2"}],"replies":[{"embeddable":true,"href":"https:\/\/comunasilisteacrucii.ro\/index.php?rest_route=%2Fwp%2Fv2%2Fcomments&post=503"}],"version-history":[{"count":6,"href":"https:\/\/comunasilisteacrucii.ro\/index.php?rest_route=\/wp\/v2\/pages\/503\/revisions"}],"predecessor-version":[{"id":534,"href":"https:\/\/comunasilisteacrucii.ro\/index.php?rest_route=\/wp\/v2\/pages\/503\/revisions\/534"}],"up":[{"embeddable":true,"href":"https:\/\/comunasilisteacrucii.ro\/index.php?rest_route=\/wp\/v2\/pages\/420"}],"wp:attachment":[{"href":"https:\/\/comunasilisteacrucii.ro\/index.php?rest_route=%2Fwp%2Fv2%2Fmedia&parent=503"}],"curies":[{"name":"wp","href":"https:\/\/api.w.org\/{rel}","templated":true}]}}