{"id":498,"date":"2011-04-20T12:53:03","date_gmt":"2011-04-20T12:53:03","guid":{"rendered":".\/?page_id=498"},"modified":"2011-04-20T14:55:06","modified_gmt":"2011-04-20T14:55:06","slug":"persoane-fizice","status":"publish","type":"page","link":"https:\/\/comunasilisteacrucii.ro\/?page_id=498","title":{"rendered":"Persoane fizice"},"content":{"rendered":"<table border=\"0\" cellspacing=\"1\" cellpadding=\"4\" width=\"620\">\n<tbody>\n<tr>\n<td>\n<table border=\"0\" cellspacing=\"0\" cellpadding=\"4\" width=\"100%\" align=\"center\">\n<tbody>\n<tr>\n<td colspan=\"2\">Acte necesare pentru :<\/td>\n<\/tr>\n<tr>\n<td colspan=\"2\">\n<hr \/>\n<p><strong><big>\u00b7<\/big><\/strong>\u00a0\u00a0<a href=\"#134\">a. Declara\u0163ia de impunere pentru stabilirea impozitului\/taxei pe cl\u0103diri:<\/a><\/p>\n<hr \/>\n<p><strong><big>\u00b7<\/big><\/strong>\u00a0\u00a0<a href=\"#135\">b. Declara\u0163ia de impunere pentru stabilirea impozitului\/taxei pe terenul intravilan:<\/a><\/p>\n<hr \/>\n<p><strong><big>\u00b7<\/big><\/strong>\u00a0\u00a0<a href=\"#136\">c. Declara\u0163ia de impunere pentru stabilirea impozitului\/taxei pe terenul extravilan:<\/a><\/p>\n<hr \/>\n<p><strong><big>\u00b7<\/big><\/strong>\u00a0\u00a0<a href=\"#137\">d. Declara\u0163ia de impunere pentru stabilirea impozitului\/taxei pe terenul transformat din extravilan \u00een intravilan:<\/a><\/p>\n<hr \/>\n<p><strong><big>\u00b7<\/big><\/strong>\u00a0\u00a0<a href=\"#138\">e. Declara\u0163ie de impunere pentru stabilirea taxei auto (\u00een cazul dob\u00e2ndirii\/\u00eenstr\u0103in\u0103rii mijloacelor auto):<\/a><\/p>\n<hr \/>\n<p><strong><big>\u00b7<\/big><\/strong>\u00a0\u00a0<a href=\"#139\">f. Declara\u0163ie de impunere pentru stabilirea taxei auto (\u00een cazul schimb\u0103rii domiciliului dintr-o localitate \u00een alta):<\/a><\/p>\n<hr \/>\n<p><strong><big>\u00b7<\/big><\/strong>\u00a0\u00a0<a href=\"#140\">g. Declara\u0163ie privind taxa special\u0103 de salubrizare:<\/a><\/p>\n<hr \/>\n<p><strong><big>\u00b7<\/big><\/strong>\u00a0\u00a0<a href=\"#141\">h. Declara\u0163ie de impunere privind stabilirea taxei, \u00een sum\u0103 fix\u0103, pentru folosirea mijloacelor de reclam\u0103 \u015fi publicitate, precum \u015fi pentru firma instalat\u0103 la locul exercit\u0103rii activit\u0103\u0163ii:<\/a><\/p>\n<hr \/>\n<p><strong><big>\u00b7<\/big><\/strong>\u00a0<a href=\"#142\">\u00a0i. Cerere pentru \u00eenregistrarea\/ vizarea abonamentelor \u015fi a biletelor de intrare la spectacole:<\/a><\/p>\n<hr \/>\n<p><strong><big>\u00b7<\/big><\/strong>\u00a0\u00a0<a href=\"#150\">j. Pentru eliberarea certificatului fiscal la persoane fizice:<\/a><\/td>\n<\/tr>\n<\/tbody>\n<\/table>\n<\/td>\n<\/tr>\n<\/tbody>\n<\/table>\n<table border=\"0\" cellspacing=\"0\" cellpadding=\"4\" width=\"100%\">\n<tbody>\n<tr>\n<td colspan=\"2\">Lista detaliat\u0103 cu acte :<\/td>\n<\/tr>\n<\/tbody>\n<\/table>\n<p>\u00a0<\/p>\n<table border=\"0\" cellspacing=\"0\" cellpadding=\"0\" width=\"99.2%\" align=\"center\" bgcolor=\"#eeeeee\">\n<tbody>\n<tr>\n<td>\n<table border=\"2\" cellspacing=\"6\" cellpadding=\"0\" width=\"100%\">\n<tbody>\n<tr>\n<td align=\"left\"><a name=\"134\"><\/a><strong>a. Declara\u0163ia de impunere pentru stabilirea impozitului\/taxei pe cl\u0103diri:<\/strong><\/td>\n<\/tr>\n<tr>\n<td><span>&#8211; copia actului de identitate;<br \/>\n&#8211; copia actului de dob\u00e2ndire\/\u00eenstr\u0103inare;<br \/>\n&#8211; declara\u0163ia de salubritate &#8211; 2 exemplare;<br \/>\n&#8211; declara\u0163ie special\u0103 de impunere pentru stabilirea impozitului pe cl\u0103diri majorat (pentru persoanele fizice care de\u0163in \u00een proprietate mai multe cl\u0103diri, cu destina\u0163ia de locuin\u0163\u0103)-2 exemplare;<br \/>\n&#8211; copia planului imobilului (din care s\u0103 rezulte suprafa\u0163a construit\u0103) cu excep\u0163ia apartamentelor de la bloc; <\/span><\/td>\n<\/tr>\n<tr>\n<td align=\"right\"><a href=\"#\">Sus<\/a><\/td>\n<\/tr>\n<\/tbody>\n<\/table>\n<\/td>\n<\/tr>\n<\/tbody>\n<\/table>\n<p>\u00a0<\/p>\n<table border=\"0\" cellspacing=\"0\" cellpadding=\"0\" width=\"99.2%\" align=\"center\" bgcolor=\"#eeeeee\">\n<tbody>\n<tr>\n<td>\n<table border=\"2\" cellspacing=\"6\" cellpadding=\"0\" width=\"100%\">\n<tbody>\n<tr>\n<td align=\"left\"><a name=\"135\"><\/a><strong>b. Declara\u0163ia de impunere pentru stabilirea impozitului\/taxei pe terenul intravilan:<\/strong><\/td>\n<\/tr>\n<tr>\n<td><span>&#8211; copia actului de identitate;<br \/>\n&#8211; copia actului de dob\u00e2ndire\/\u00eenstr\u0103inare;<br \/>\n&#8211; declara\u0163ie de impunere pentru stabilirea impozitului pe teren, \u00eenregistrat\u0103 la registrul agricol (\u00een cazul \u00een care terenul are alt\u0103 categorie de folosin\u0163\u0103 dec\u00e2t terenuri cu construc\u0163ii ). <\/span><\/td>\n<\/tr>\n<tr>\n<td align=\"right\"><a href=\"#\">Sus<\/a><\/td>\n<\/tr>\n<\/tbody>\n<\/table>\n<\/td>\n<\/tr>\n<\/tbody>\n<\/table>\n<p>\u00a0<\/p>\n<table border=\"0\" cellspacing=\"0\" cellpadding=\"0\" width=\"99.2%\" align=\"center\" bgcolor=\"#eeeeee\">\n<tbody>\n<tr>\n<td>\n<table border=\"2\" cellspacing=\"6\" cellpadding=\"0\" width=\"100%\">\n<tbody>\n<tr>\n<td align=\"left\"><a name=\"136\"><\/a><strong>c. Declara\u0163ia de impunere pentru stabilirea impozitului\/taxei pe terenul extravilan:<\/strong><\/td>\n<\/tr>\n<tr>\n<td><span>&#8211; copia actului de identitate;<br \/>\n&#8211; copia actului de dob\u00e2ndire\/\u00eenstr\u0103inare;<br \/>\n&#8211; declara\u0163ie de impunere pentru stabilirea impozitului pe teren, \u00eenregistrat\u0103 la registrul agricol; <\/span><\/td>\n<\/tr>\n<tr>\n<td align=\"right\"><a href=\"#\">Sus<\/a><\/td>\n<\/tr>\n<\/tbody>\n<\/table>\n<\/td>\n<\/tr>\n<\/tbody>\n<\/table>\n<p>\u00a0<\/p>\n<table border=\"0\" cellspacing=\"0\" cellpadding=\"0\" width=\"99.2%\" align=\"center\" bgcolor=\"#eeeeee\">\n<tbody>\n<tr>\n<td>\n<table border=\"2\" cellspacing=\"6\" cellpadding=\"0\" width=\"100%\">\n<tbody>\n<tr>\n<td align=\"left\"><a name=\"137\"><\/a><strong>d. Declara\u0163ia de impunere pentru stabilirea impozitului\/taxei pe terenul transformat din extravilan \u00een intravilan:<\/strong><\/td>\n<\/tr>\n<tr>\n<td><span>&#8211; copia actului de identitate;<br \/>\n&#8211; copia actului de dob\u00e2ndire\/\u00eenstr\u0103inare;<br \/>\n&#8211; declara\u0163ie de impunere pentru stabilirea impozitului pe teren, \u00eenregistrat\u0103 la registrul agricol;<br \/>\n&#8211; copie fil\u0103 registrul agricol;<br \/>\n&#8211; adeverin\u0163\u0103 de la Serviciul Cadastru \u015fi Agricultur\u0103 al Prim\u0103riei Municipiului Arad ( din care s\u0103 rezulte adresa unde este situat terenul transformat \u00een intravilan ). <\/span><\/td>\n<\/tr>\n<tr>\n<td align=\"right\"><a href=\"#\">Sus<\/a><\/td>\n<\/tr>\n<\/tbody>\n<\/table>\n<\/td>\n<\/tr>\n<\/tbody>\n<\/table>\n<p>\u00a0<\/p>\n<table border=\"0\" cellspacing=\"0\" cellpadding=\"0\" width=\"99.2%\" align=\"center\" bgcolor=\"#eeeeee\">\n<tbody>\n<tr>\n<td>\n<table border=\"2\" cellspacing=\"6\" cellpadding=\"0\" width=\"100%\">\n<tbody>\n<tr>\n<td align=\"left\"><a name=\"138\"><\/a><strong>e. Declara\u0163ie de impunere pentru stabilirea taxei auto (\u00een cazul dob\u00e2ndirii\/\u00eenstr\u0103in\u0103rii mijloacelor auto):<\/strong><\/td>\n<\/tr>\n<tr>\n<td><span>&#8211; fi\u015f\u0103 de \u00eenmatriculare;<br \/>\n&#8211; copia actului de identitate;<br \/>\n&#8211; copie Cod unic de \u00eenregistrare (pentru persoanele fizice autorizate).<br \/>\n&#8211; copia actului de dob\u00e2ndire\/\u00eenstr\u0103inare;<br \/>\n&#8211; copie Cartea de identitate a autovehiculului;<br \/>\n&#8211; copie talon (\u00een cazul radierii); <\/span><\/td>\n<\/tr>\n<tr>\n<td align=\"right\"><a href=\"#\">Sus<\/a><\/td>\n<\/tr>\n<\/tbody>\n<\/table>\n<\/td>\n<\/tr>\n<\/tbody>\n<\/table>\n<p>\u00a0<\/p>\n<table border=\"0\" cellspacing=\"0\" cellpadding=\"0\" width=\"99.2%\" align=\"center\" bgcolor=\"#eeeeee\">\n<tbody>\n<tr>\n<td>\n<table border=\"2\" cellspacing=\"6\" cellpadding=\"0\" width=\"100%\">\n<tbody>\n<tr>\n<td align=\"left\"><a name=\"139\"><\/a><strong>f. Declara\u0163ie de impunere pentru stabilirea taxei auto (\u00een cazul schimb\u0103rii domiciliului dintr-o localitate \u00een alta):<\/strong><\/td>\n<\/tr>\n<tr>\n<td><span>&#8211; copia actului de identitate;<br \/>\n&#8211; copie Cod unic de \u00eenregistrare (pentru persoanele fizice autorizate);<br \/>\n&#8211; copie Cartea de identitate a autovehiculului;<br \/>\n&#8211; fi\u015f\u0103 de \u00eenmatriculare vizat\u0103 \u00een localitatea de unde se radiaz\u0103 mijlocul auto, \u00eenso\u0163it\u0103 de certificatul fiscal conform Legii 571\/2003, privind Codul fiscal (pentru \u00eenmatriculare); <\/span><\/td>\n<\/tr>\n<tr>\n<td align=\"right\"><a href=\"#\">Sus<\/a><\/td>\n<\/tr>\n<\/tbody>\n<\/table>\n<\/td>\n<\/tr>\n<\/tbody>\n<\/table>\n<p>\u00a0<\/p>\n<table border=\"0\" cellspacing=\"0\" cellpadding=\"0\" width=\"99.2%\" align=\"center\" bgcolor=\"#eeeeee\">\n<tbody>\n<tr>\n<td>\n<table border=\"2\" cellspacing=\"6\" cellpadding=\"0\" width=\"100%\">\n<tbody>\n<tr>\n<td align=\"left\"><a name=\"140\"><\/a><strong>g. Declara\u0163ie privind taxa special\u0103 de salubrizare:<\/strong><\/td>\n<\/tr>\n<tr>\n<td><span>&#8211; declara\u0163ia de salubritate;<br \/>\n&#8211; copia actului de identitate;<br \/>\n&#8211; copie Cod unic de \u00eenregistrare (pentru persoanele fizice autorizate );<br \/>\n&#8211; copia autoriza\u0163iei de func\u0163ionare (pentru persoanele fizice autorizate ); <\/span><\/td>\n<\/tr>\n<tr>\n<td align=\"right\"><a href=\"#\">Sus<\/a><\/td>\n<\/tr>\n<\/tbody>\n<\/table>\n<\/td>\n<\/tr>\n<\/tbody>\n<\/table>\n<p>\u00a0<\/p>\n<table border=\"0\" cellspacing=\"0\" cellpadding=\"0\" width=\"99.2%\" align=\"center\" bgcolor=\"#eeeeee\">\n<tbody>\n<tr>\n<td>\n<table border=\"2\" cellspacing=\"6\" cellpadding=\"0\" width=\"100%\">\n<tbody>\n<tr>\n<td align=\"left\"><a name=\"141\"><\/a><strong>h. Declara\u0163ie de impunere privind stabilirea taxei, \u00een sum\u0103 fix\u0103, pentru folosirea mijloacelor de reclam\u0103 \u015fi publicitate, precum \u015fi pentru firma instalat\u0103 la locul exercit\u0103rii activit\u0103\u0163ii:<\/strong><\/td>\n<\/tr>\n<tr>\n<td><span>&#8211; declara\u0163ia privind taxa firm\u0103;<br \/>\n&#8211; copia actului de identitate;<br \/>\n&#8211; copie Cod unic de \u00eenregistrare (pentru persoanele fizice autorizate );<br \/>\n&#8211; \u00een cazul taxei pentru servicii de reclam\u0103 \u015fi publicitate realizate \u00een baza unui contract sau a unui alt fel de \u00een\u0163elegere \u00eencheiat\u0103 cu alt\u0103 persoan\u0103 &#8211; copie a contractului de prest\u0103ri servicii; <\/span><\/td>\n<\/tr>\n<tr>\n<td align=\"right\"><a href=\"#\">Sus<\/a><\/td>\n<\/tr>\n<\/tbody>\n<\/table>\n<\/td>\n<\/tr>\n<\/tbody>\n<\/table>\n<p>\u00a0<\/p>\n<table border=\"0\" cellspacing=\"0\" cellpadding=\"0\" width=\"99.2%\" align=\"center\" bgcolor=\"#eeeeee\">\n<tbody>\n<tr>\n<td>\n<table border=\"2\" cellspacing=\"6\" cellpadding=\"0\" width=\"100%\">\n<tbody>\n<tr>\n<td align=\"left\"><a name=\"142\"><\/a><strong>i. Cerere pentru \u00eenregistrarea\/ vizarea abonamentelor \u015fi a biletelor de intrare la spectacole:<\/strong><\/td>\n<\/tr>\n<tr>\n<td><span>&#8211; cerere tip;<br \/>\n&#8211; copia facturii de tip\u0103rire a biletelor\/abonamentelor;<br \/>\n&#8211; copie Cod unic de \u00eenregistrare (pentru persoanele fizice autorizate );<br \/>\n&#8211; prezentarea biletelor \u00een vederea fiscaliz\u0103rii. <\/span><\/td>\n<\/tr>\n<tr>\n<td align=\"right\"><a href=\"#\">Sus<\/a><\/td>\n<\/tr>\n<\/tbody>\n<\/table>\n<\/td>\n<\/tr>\n<\/tbody>\n<\/table>\n<table border=\"0\" cellspacing=\"0\" cellpadding=\"0\" width=\"99.2%\" align=\"center\" bgcolor=\"#eeeeee\">\n<tbody>\n<tr>\n<td>\n<table border=\"2\" cellspacing=\"6\" cellpadding=\"0\" width=\"100%\">\n<tbody>\n<tr>\n<td align=\"left\"><a name=\"150\"><\/a><strong>j. Pentru eliberarea certificatului fiscal la persoane fizice:<\/strong><\/td>\n<\/tr>\n<tr>\n<td>&#8211; cererea tip (<a href=\".\/pdf\/Formulare\/tipizate\/pdf70.pdf\">Model 2006 ITL 008<\/a>);<br \/>\n&#8211; copia actului de identitate a titularului \/ proprietarului imobilului;<br \/>\n&#8211; \u00eemputernicirea notariala sau avoca\u0163ional\u0103 \u015fi copia actului de identitate pentru persoanele care solicit\u0103 certificatul \u00een numele altei persoane;<br \/>\n&#8211; copia certificatului de deces al proprietarului \u00een cazul certificatelor solicitate pentru mo\u015fteniri \/ succesiuni;<\/td>\n<\/tr>\n<tr>\n<td align=\"right\"><a href=\"#\">Sus<\/a><\/td>\n<\/tr>\n<\/tbody>\n<\/table>\n<\/td>\n<\/tr>\n<\/tbody>\n<\/table>\n<p style=\"text-align: center;\"><a title=\"Acte necesare\" href=\".\/?page_id=420\">\u00a0<span>[ index Acte Necesare ]<\/span><\/a><\/p>\n","protected":false},"excerpt":{"rendered":"<p>Acte necesare pentru : \u00b7\u00a0\u00a0a. Declara\u0163ia de impunere pentru stabilirea impozitului\/taxei pe cl\u0103diri: \u00b7\u00a0\u00a0b. Declara\u0163ia de impunere pentru stabilirea impozitului\/taxei pe terenul intravilan: \u00b7\u00a0\u00a0c. Declara\u0163ia de impunere pentru stabilirea impozitului\/taxei pe terenul extravilan: \u00b7\u00a0\u00a0d. Declara\u0163ia de impunere pentru stabilirea impozitului\/taxei pe terenul transformat din extravilan \u00een intravilan: \u00b7\u00a0\u00a0e. Declara\u0163ie de impunere pentru stabilirea taxei auto &hellip; <a href=\"https:\/\/comunasilisteacrucii.ro\/?page_id=498\" class=\"more-link\">Continue reading <span class=\"screen-reader-text\">Persoane fizice<\/span> <span class=\"meta-nav\">&rarr;<\/span><\/a><\/p>\n","protected":false},"author":2,"featured_media":0,"parent":420,"menu_order":0,"comment_status":"closed","ping_status":"closed","template":"","meta":{"footnotes":""},"class_list":["post-498","page","type-page","status-publish","hentry"],"_links":{"self":[{"href":"https:\/\/comunasilisteacrucii.ro\/index.php?rest_route=\/wp\/v2\/pages\/498","targetHints":{"allow":["GET"]}}],"collection":[{"href":"https:\/\/comunasilisteacrucii.ro\/index.php?rest_route=\/wp\/v2\/pages"}],"about":[{"href":"https:\/\/comunasilisteacrucii.ro\/index.php?rest_route=\/wp\/v2\/types\/page"}],"author":[{"embeddable":true,"href":"https:\/\/comunasilisteacrucii.ro\/index.php?rest_route=\/wp\/v2\/users\/2"}],"replies":[{"embeddable":true,"href":"https:\/\/comunasilisteacrucii.ro\/index.php?rest_route=%2Fwp%2Fv2%2Fcomments&post=498"}],"version-history":[{"count":5,"href":"https:\/\/comunasilisteacrucii.ro\/index.php?rest_route=\/wp\/v2\/pages\/498\/revisions"}],"predecessor-version":[{"id":532,"href":"https:\/\/comunasilisteacrucii.ro\/index.php?rest_route=\/wp\/v2\/pages\/498\/revisions\/532"}],"up":[{"embeddable":true,"href":"https:\/\/comunasilisteacrucii.ro\/index.php?rest_route=\/wp\/v2\/pages\/420"}],"wp:attachment":[{"href":"https:\/\/comunasilisteacrucii.ro\/index.php?rest_route=%2Fwp%2Fv2%2Fmedia&parent=498"}],"curies":[{"name":"wp","href":"https:\/\/api.w.org\/{rel}","templated":true}]}}