{"id":42,"date":"2011-04-06T16:02:18","date_gmt":"2011-04-06T16:02:18","guid":{"rendered":".\/?page_id=42"},"modified":"2011-05-20T07:12:59","modified_gmt":"2011-05-20T07:12:59","slug":"galerie-foto","status":"publish","type":"page","link":"https:\/\/comunasilisteacrucii.ro\/?page_id=42","title":{"rendered":"Galerie foto"},"content":{"rendered":"<div id='gallery-1' class='gallery galleryid-42 gallery-columns-3 gallery-size-thumbnail'><figure class='gallery-item'>\n\t\t\t<div class='gallery-icon landscape'>\n\t\t\t\t<a href='https:\/\/comunasilisteacrucii.ro\/?attachment_id=681'><img loading=\"lazy\" decoding=\"async\" width=\"150\" height=\"150\" src=\"https:\/\/comunasilisteacrucii.ro\/wp-content\/uploads\/2011\/04\/1CIMG3802-150x150.jpg\" class=\"attachment-thumbnail size-thumbnail\" alt=\"\" aria-describedby=\"gallery-1-681\" \/><\/a>\n\t\t\t<\/div>\n\t\t\t\t<figcaption class='wp-caption-text gallery-caption' id='gallery-1-681'>\n\t\t\t\tBiserica\n\t\t\t\t<\/figcaption><\/figure><figure class='gallery-item'>\n\t\t\t<div class='gallery-icon portrait'>\n\t\t\t\t<a href='https:\/\/comunasilisteacrucii.ro\/?attachment_id=682'><img loading=\"lazy\" decoding=\"async\" width=\"150\" height=\"150\" src=\"https:\/\/comunasilisteacrucii.ro\/wp-content\/uploads\/2011\/04\/1CIMG3772-150x150.jpg\" class=\"attachment-thumbnail size-thumbnail\" alt=\"\" aria-describedby=\"gallery-1-682\" \/><\/a>\n\t\t\t<\/div>\n\t\t\t\t<figcaption class='wp-caption-text gallery-caption' id='gallery-1-682'>\n\t\t\t\tPrim\u0103ria Sili\u015ftea Crucii\n\t\t\t\t<\/figcaption><\/figure><figure class='gallery-item'>\n\t\t\t<div class='gallery-icon landscape'>\n\t\t\t\t<a href='https:\/\/comunasilisteacrucii.ro\/?attachment_id=683'><img loading=\"lazy\" decoding=\"async\" width=\"150\" height=\"150\" src=\"https:\/\/comunasilisteacrucii.ro\/wp-content\/uploads\/2011\/04\/1CIMG3773-150x150.jpg\" class=\"attachment-thumbnail size-thumbnail\" alt=\"\" aria-describedby=\"gallery-1-683\" \/><\/a>\n\t\t\t<\/div>\n\t\t\t\t<figcaption class='wp-caption-text gallery-caption' id='gallery-1-683'>\n\t\t\t\tSpa\u0163iu verde\n\t\t\t\t<\/figcaption><\/figure><figure class='gallery-item'>\n\t\t\t<div class='gallery-icon landscape'>\n\t\t\t\t<a href='https:\/\/comunasilisteacrucii.ro\/?attachment_id=684'><img loading=\"lazy\" decoding=\"async\" width=\"150\" height=\"150\" src=\"https:\/\/comunasilisteacrucii.ro\/wp-content\/uploads\/2011\/04\/1CIMG3775-150x150.jpg\" class=\"attachment-thumbnail size-thumbnail\" alt=\"\" aria-describedby=\"gallery-1-684\" \/><\/a>\n\t\t\t<\/div>\n\t\t\t\t<figcaption class='wp-caption-text gallery-caption' id='gallery-1-684'>\n\t\t\t\tP\u0103rcule\u0163\n\t\t\t\t<\/figcaption><\/figure><figure class='gallery-item'>\n\t\t\t<div class='gallery-icon landscape'>\n\t\t\t\t<a href='https:\/\/comunasilisteacrucii.ro\/?attachment_id=685'><img loading=\"lazy\" decoding=\"async\" width=\"150\" height=\"150\" src=\"https:\/\/comunasilisteacrucii.ro\/wp-content\/uploads\/2011\/04\/1CIMG3777-150x150.jpg\" class=\"attachment-thumbnail size-thumbnail\" alt=\"\" aria-describedby=\"gallery-1-685\" \/><\/a>\n\t\t\t<\/div>\n\t\t\t\t<figcaption class='wp-caption-text gallery-caption' id='gallery-1-685'>\n\t\t\t\tMonumentul eroilor\n\t\t\t\t<\/figcaption><\/figure><figure class='gallery-item'>\n\t\t\t<div class='gallery-icon landscape'>\n\t\t\t\t<a href='https:\/\/comunasilisteacrucii.ro\/?attachment_id=686'><img loading=\"lazy\" decoding=\"async\" width=\"150\" height=\"150\" src=\"https:\/\/comunasilisteacrucii.ro\/wp-content\/uploads\/2011\/04\/1CIMG3783-150x150.jpg\" class=\"attachment-thumbnail size-thumbnail\" alt=\"\" aria-describedby=\"gallery-1-686\" \/><\/a>\n\t\t\t<\/div>\n\t\t\t\t<figcaption class='wp-caption-text gallery-caption' id='gallery-1-686'>\n\t\t\t\t\u015ecoala Sili\u015ftea Crucii\n\t\t\t\t<\/figcaption><\/figure><figure class='gallery-item'>\n\t\t\t<div class='gallery-icon landscape'>\n\t\t\t\t<a href='https:\/\/comunasilisteacrucii.ro\/?attachment_id=687'><img loading=\"lazy\" decoding=\"async\" width=\"150\" height=\"150\" src=\"https:\/\/comunasilisteacrucii.ro\/wp-content\/uploads\/2011\/04\/1CIMG3785-150x150.jpg\" class=\"attachment-thumbnail size-thumbnail\" alt=\"\" aria-describedby=\"gallery-1-687\" \/><\/a>\n\t\t\t<\/div>\n\t\t\t\t<figcaption class='wp-caption-text gallery-caption' id='gallery-1-687'>\n\t\t\t\tC\u0103min cultural\n\t\t\t\t<\/figcaption><\/figure><figure class='gallery-item'>\n\t\t\t<div class='gallery-icon landscape'>\n\t\t\t\t<a href='https:\/\/comunasilisteacrucii.ro\/?attachment_id=688'><img loading=\"lazy\" decoding=\"async\" width=\"150\" height=\"150\" src=\"https:\/\/comunasilisteacrucii.ro\/wp-content\/uploads\/2011\/04\/1CIMG3788-150x150.jpg\" class=\"attachment-thumbnail size-thumbnail\" alt=\"\" aria-describedby=\"gallery-1-688\" \/><\/a>\n\t\t\t<\/div>\n\t\t\t\t<figcaption class='wp-caption-text gallery-caption' id='gallery-1-688'>\n\t\t\t\tGr\u0103dini\u0163a Sili\u015ftea Crucii\n\t\t\t\t<\/figcaption><\/figure><figure class='gallery-item'>\n\t\t\t<div class='gallery-icon landscape'>\n\t\t\t\t<a href='https:\/\/comunasilisteacrucii.ro\/?attachment_id=689'><img loading=\"lazy\" decoding=\"async\" width=\"150\" height=\"150\" src=\"https:\/\/comunasilisteacrucii.ro\/wp-content\/uploads\/2011\/04\/1CIMG3795-150x150.jpg\" class=\"attachment-thumbnail size-thumbnail\" alt=\"\" aria-describedby=\"gallery-1-689\" \/><\/a>\n\t\t\t<\/div>\n\t\t\t\t<figcaption class='wp-caption-text gallery-caption' id='gallery-1-689'>\n\t\t\t\tPia\u0163a\n\t\t\t\t<\/figcaption><\/figure><figure class='gallery-item'>\n\t\t\t<div class='gallery-icon landscape'>\n\t\t\t\t<a href='https:\/\/comunasilisteacrucii.ro\/?attachment_id=690'><img loading=\"lazy\" decoding=\"async\" width=\"150\" height=\"150\" src=\"https:\/\/comunasilisteacrucii.ro\/wp-content\/uploads\/2011\/04\/1CIMG3797-150x150.jpg\" class=\"attachment-thumbnail size-thumbnail\" alt=\"\" aria-describedby=\"gallery-1-690\" \/><\/a>\n\t\t\t<\/div>\n\t\t\t\t<figcaption class='wp-caption-text gallery-caption' id='gallery-1-690'>\n\t\t\t\tDispensar\n\t\t\t\t<\/figcaption><\/figure>\n\t\t<\/div>\n\n","protected":false},"excerpt":{"rendered":"","protected":false},"author":2,"featured_media":0,"parent":264,"menu_order":0,"comment_status":"closed","ping_status":"closed","template":"","meta":{"footnotes":""},"class_list":["post-42","page","type-page","status-publish","hentry"],"_links":{"self":[{"href":"https:\/\/comunasilisteacrucii.ro\/index.php?rest_route=\/wp\/v2\/pages\/42","targetHints":{"allow":["GET"]}}],"collection":[{"href":"https:\/\/comunasilisteacrucii.ro\/index.php?rest_route=\/wp\/v2\/pages"}],"about":[{"href":"https:\/\/comunasilisteacrucii.ro\/index.php?rest_route=\/wp\/v2\/types\/page"}],"author":[{"embeddable":true,"href":"https:\/\/comunasilisteacrucii.ro\/index.php?rest_route=\/wp\/v2\/users\/2"}],"replies":[{"embeddable":true,"href":"https:\/\/comunasilisteacrucii.ro\/index.php?rest_route=%2Fwp%2Fv2%2Fcomments&post=42"}],"version-history":[{"count":9,"href":"https:\/\/comunasilisteacrucii.ro\/index.php?rest_route=\/wp\/v2\/pages\/42\/revisions"}],"predecessor-version":[{"id":692,"href":"https:\/\/comunasilisteacrucii.ro\/index.php?rest_route=\/wp\/v2\/pages\/42\/revisions\/692"}],"up":[{"embeddable":true,"href":"https:\/\/comunasilisteacrucii.ro\/index.php?rest_route=\/wp\/v2\/pages\/264"}],"wp:attachment":[{"href":"https:\/\/comunasilisteacrucii.ro\/index.php?rest_route=%2Fwp%2Fv2%2Fmedia&parent=42"}],"curies":[{"name":"wp","href":"https:\/\/api.w.org\/{rel}","templated":true}]}}