{"id":392,"date":"2011-04-07T08:20:20","date_gmt":"2011-04-07T08:20:20","guid":{"rendered":"http:\/\/.\/?page_id=392"},"modified":"2026-04-16T07:22:48","modified_gmt":"2026-04-16T07:22:48","slug":"pagina-principala","status":"publish","type":"page","link":"https:\/\/comunasilisteacrucii.ro\/","title":{"rendered":""},"content":{"rendered":"<table border=\"0\" width=\"100%\" cellspacing=\"0\" cellpadding=\"0\">\n<tbody>\n<tr>\n<td width=\"39%\"><strong>Adresa: <\/strong><\/td>\n<td width=\"61%\">Comuna Sili\u015ftea Crucii, str Magistrat Dragut Costel nr. 2<\/td>\n<\/tr>\n<tr>\n<td><strong>Localitatea: <\/strong><\/td>\n<td>Silistea Crucii<\/td>\n<\/tr>\n<tr>\n<td><strong>Judet: <\/strong><\/td>\n<td>Dolj<\/td>\n<\/tr>\n<tr>\n<td><strong>Tara<\/strong><strong>:<\/strong><\/td>\n<td>Romania<\/td>\n<\/tr>\n<tr>\n<td><strong>Cod postal: <\/strong><\/td>\n<td>\n<div>207535<\/div>\n<\/td>\n<\/tr>\n<tr>\n<td><strong>Telefon:<\/strong><\/td>\n<td>0251-319212<\/td>\n<\/tr>\n<tr>\n<td><strong>Fax: <\/strong><\/td>\n<td>0251-319212<\/td>\n<\/tr>\n<tr>\n<td><strong>URL: <\/strong><\/td>\n<td><a href=\"https:\/\/comunasilisteacrucii.ro\/\">https:\/\/comunasilisteacrucii.ro\/<\/a><\/td>\n<\/tr>\n<tr>\n<td><strong>Adresa de e-mail: <\/strong><\/td>\n<td><a href=\"mailto:silistea_crucii@cjdolj.ro\">silistea_crucii@cjdolj.ro<\/a><br \/>silisteacruciiprimarie@yahoo.com<\/td>\n<\/tr>\n<\/tbody>\n<\/table>\n<p><a href=\"https:\/\/comunasilisteacrucii.ro\/wp-content\/uploads\/2026\/04\/Cerere-VMI-2026.pdf\">Cerere-VMI 2026 (pdf)<\/a><\/p>\n<p><a href=\"https:\/\/comunasilisteacrucii.ro\/wp-content\/uploads\/2026\/04\/Cerere-VMI-2026.docx\">Cerere-VMI 2026 (docx)<\/a><\/p>\n<p>17.02.2026 <a href=\"https:\/\/comunasilisteacrucii.ro\/wp-content\/uploads\/2026\/02\/Masuri-auxiliare-proiect-asigurare-alimente-de-baza-mese-calde.pdf\">Masuri auxiliare proiect asigurare alimente de baza mese calde<\/a><\/p>\n<p><a href=\"https:\/\/comunasilisteacrucii.ro\/wp-content\/uploads\/2026\/02\/COMUNICAT.pdf\">12.02.2026 COMUNICAT<\/a><\/p>\n<hr \/>\n<p><a href=\"https:\/\/comunasilisteacrucii.ro\/wp-content\/uploads\/2025\/08\/afis-aug35-nemodificat.jpg\"><img loading=\"lazy\" decoding=\"async\" class=\"alignleft size-medium wp-image-1758\" src=\"https:\/\/comunasilisteacrucii.ro\/wp-content\/uploads\/2025\/08\/afis-aug35-nemodificat-212x300.jpg\" alt=\"\" width=\"212\" height=\"300\" srcset=\"https:\/\/comunasilisteacrucii.ro\/wp-content\/uploads\/2025\/08\/afis-aug35-nemodificat-212x300.jpg 212w, https:\/\/comunasilisteacrucii.ro\/wp-content\/uploads\/2025\/08\/afis-aug35-nemodificat-724x1024.jpg 724w, https:\/\/comunasilisteacrucii.ro\/wp-content\/uploads\/2025\/08\/afis-aug35-nemodificat-768x1086.jpg 768w, https:\/\/comunasilisteacrucii.ro\/wp-content\/uploads\/2025\/08\/afis-aug35-nemodificat-1086x1536.jpg 1086w, https:\/\/comunasilisteacrucii.ro\/wp-content\/uploads\/2025\/08\/afis-aug35-nemodificat.jpg 1414w\" sizes=\"auto, (max-width: 212px) 100vw, 212px\" \/><\/a><a href=\"https:\/\/comunasilisteacrucii.ro\/wp-content\/uploads\/2025\/08\/flyer-14.08.png\"><img loading=\"lazy\" decoding=\"async\" class=\"alignleft size-medium wp-image-1759\" src=\"https:\/\/comunasilisteacrucii.ro\/wp-content\/uploads\/2025\/08\/flyer-14.08-212x300.png\" alt=\"\" width=\"212\" height=\"300\" srcset=\"https:\/\/comunasilisteacrucii.ro\/wp-content\/uploads\/2025\/08\/flyer-14.08-212x300.png 212w, https:\/\/comunasilisteacrucii.ro\/wp-content\/uploads\/2025\/08\/flyer-14.08-724x1024.png 724w, https:\/\/comunasilisteacrucii.ro\/wp-content\/uploads\/2025\/08\/flyer-14.08-768x1086.png 768w, https:\/\/comunasilisteacrucii.ro\/wp-content\/uploads\/2025\/08\/flyer-14.08-1086x1536.png 1086w, https:\/\/comunasilisteacrucii.ro\/wp-content\/uploads\/2025\/08\/flyer-14.08.png 1414w\" sizes=\"auto, (max-width: 212px) 100vw, 212px\" \/><\/a><\/p>\n<hr \/>\n<p><a href=\"https:\/\/comunasilisteacrucii.ro\/wp-content\/uploads\/2025\/06\/Instiintare-nr-1243-din-23.06.2025-combaterea-buruienii-ambrozia.pdf\">Instiintare nr 1243 din 23.06.2025 &#8211; combaterea buruienii ambrozia<\/a><\/p>\n<p><a href=\"https:\/\/comunasilisteacrucii.ro\/wp-content\/uploads\/2025\/06\/Masuri-privind-combaterea-ambroziei-03.06.2025.pdf\">Masuri privind combaterea ambroziei 03.06.2025<\/a><\/p>\n<p><a href=\"https:\/\/comunasilisteacrucii.ro\/wp-content\/uploads\/2025\/04\/Anunt-nr.-798-din-14.04.2025-tratament-rapita.pdf\">Anunt nr. 798 din 14.04.2025 -tratament rapita<\/a><\/p>\n<p><a href=\"https:\/\/comunasilisteacrucii.ro\/wp-content\/uploads\/2025\/03\/Scan2025-03-03_082630.pdf\">17.02.2024 ANUNT DISTRIBUTIE ENERGIE OLTENIA <\/a><\/p>\n<p>20.03.2024 <a href=\"https:\/\/comunasilisteacrucii.ro\/wp-content\/uploads\/2024\/03\/In-atentia-locuitorilor-si-exploatatiilor-agricole-referitor-la-combaterea-buruienii-ambrozia.pdf\">In atentia locuitorilor si exploatatiilor agricole referitor la combaterea buruienii ambrozia<\/a><\/p>\n<p><a href=\"https:\/\/comunasilisteacrucii.ro\/wp-content\/uploads\/2023\/12\/ANUNT-IMPORTANT-18.12.2023.pdf\">ANUNT IMPORTANT 18.12.2023<\/a><\/p>\n<p><a href=\"https:\/\/comunasilisteacrucii.ro\/wp-content\/uploads\/2023\/11\/Venitul-Minim-de-Incluziune.pdf\">Venitul Minim de Incluziune<\/a><\/p>\n<p><a href=\".\/wp-content\/uploads\/2023\/02\/informare-SGR.pdf\">INFORMARE PRIVIND SISTEMUL DE GARANTIE-RETURNARE PENTRU AMBALAJELE PRIMARE NEREUTILIZABILE<\/a><\/p>\n\n\n<figure class=\"wp-block-image size-large\"><img loading=\"lazy\" decoding=\"async\" width=\"1024\" height=\"576\" src=\"https:\/\/comunasilisteacrucii.ro\/wp-content\/uploads\/2023\/02\/RetuRO_inregistrare_baza_date_SGR-2-1024x576.png\" alt=\"\" class=\"wp-image-1525\" srcset=\"https:\/\/comunasilisteacrucii.ro\/wp-content\/uploads\/2023\/02\/RetuRO_inregistrare_baza_date_SGR-2-1024x576.png 1024w, https:\/\/comunasilisteacrucii.ro\/wp-content\/uploads\/2023\/02\/RetuRO_inregistrare_baza_date_SGR-2-300x169.png 300w, https:\/\/comunasilisteacrucii.ro\/wp-content\/uploads\/2023\/02\/RetuRO_inregistrare_baza_date_SGR-2-768x432.png 768w, https:\/\/comunasilisteacrucii.ro\/wp-content\/uploads\/2023\/02\/RetuRO_inregistrare_baza_date_SGR-2-1536x864.png 1536w, https:\/\/comunasilisteacrucii.ro\/wp-content\/uploads\/2023\/02\/RetuRO_inregistrare_baza_date_SGR-2-2048x1152.png 2048w\" sizes=\"auto, (max-width: 1024px) 100vw, 1024px\" \/><figcaption class=\"wp-element-caption\"><strong><a href=\".\/wp-content\/uploads\/2023\/02\/inregistrare-SGR.pdf\">Produc\u0103torii \u0219i comercian\u021bii de b\u0103uturi trebuie s\u0103 se \u00eenregistreze \u00een baza de date a Sistemului de Garan\u021bie-Returnare (SGR) p\u00e2n\u0103 pe 28 februarie<\/a><\/strong><\/figcaption><\/figure>\n\n\n<p><a href=\"https:\/\/comunasilisteacrucii.ro\/wp-content\/uploads\/2021\/03\/Facilitarea-insertiei-pe-piala-muncii-a-persoanelor-cu-dezabilitati-2021.pdf\">Facilitarea insertiei pe piala muncii a persoanelor cu dezabilitati 2021<\/a><br \/>\n<a href=\"https:\/\/comunasilisteacrucii.ro\/wp-content\/uploads\/2022\/03\/flayer-deseuri.pdf\">CUM COLECTAM CORECT DESEURILE<\/a><br \/>\n<a href=\"https:\/\/www.iridexsalubrizare.ro\/calendar\/SILISTEA-CRUCII-jud.-DOLJ\">CALENDARUL DE RIDICARE A DESEURILOR PE ANUL 2022<\/a><\/p>","protected":false},"excerpt":{"rendered":"<p>Adresa: Comuna Sili\u015ftea Crucii, str Magistrat Dragut Costel nr. 2 Localitatea: Silistea Crucii Judet: Dolj Tara: Romania Cod postal: 207535 Telefon: 0251-319212 Fax: 0251-319212 URL: https:\/\/comunasilisteacrucii.ro\/ Adresa de e-mail: silistea_crucii@cjdolj.rosilisteacruciiprimarie@yahoo.com Cerere-VMI 2026 (pdf) Cerere-VMI 2026 (docx) 17.02.2026 Masuri auxiliare proiect asigurare alimente de baza mese calde 12.02.2026 COMUNICAT Instiintare nr 1243 din 23.06.2025 &#8211; combaterea &hellip; <a href=\"https:\/\/comunasilisteacrucii.ro\/\" class=\"more-link\">Continue reading <span class=\"screen-reader-text\"><\/span> <span class=\"meta-nav\">&rarr;<\/span><\/a><\/p>\n","protected":false},"author":2,"featured_media":0,"parent":0,"menu_order":0,"comment_status":"closed","ping_status":"closed","template":"","meta":{"footnotes":""},"class_list":["post-392","page","type-page","status-publish","hentry"],"_links":{"self":[{"href":"https:\/\/comunasilisteacrucii.ro\/index.php?rest_route=\/wp\/v2\/pages\/392","targetHints":{"allow":["GET"]}}],"collection":[{"href":"https:\/\/comunasilisteacrucii.ro\/index.php?rest_route=\/wp\/v2\/pages"}],"about":[{"href":"https:\/\/comunasilisteacrucii.ro\/index.php?rest_route=\/wp\/v2\/types\/page"}],"author":[{"embeddable":true,"href":"https:\/\/comunasilisteacrucii.ro\/index.php?rest_route=\/wp\/v2\/users\/2"}],"replies":[{"embeddable":true,"href":"https:\/\/comunasilisteacrucii.ro\/index.php?rest_route=%2Fwp%2Fv2%2Fcomments&post=392"}],"version-history":[{"count":37,"href":"https:\/\/comunasilisteacrucii.ro\/index.php?rest_route=\/wp\/v2\/pages\/392\/revisions"}],"predecessor-version":[{"id":1807,"href":"https:\/\/comunasilisteacrucii.ro\/index.php?rest_route=\/wp\/v2\/pages\/392\/revisions\/1807"}],"wp:attachment":[{"href":"https:\/\/comunasilisteacrucii.ro\/index.php?rest_route=%2Fwp%2Fv2%2Fmedia&parent=392"}],"curies":[{"name":"wp","href":"https:\/\/api.w.org\/{rel}","templated":true}]}}