{"id":238,"date":"2011-04-06T17:05:34","date_gmt":"2011-04-06T17:05:34","guid":{"rendered":".\/?page_id=238"},"modified":"2011-04-20T09:10:55","modified_gmt":"2011-04-20T09:10:55","slug":"informari-europene","status":"publish","type":"page","link":"https:\/\/comunasilisteacrucii.ro\/?page_id=238","title":{"rendered":"Informari europene"},"content":{"rendered":"<table border=\"0\" cellspacing=\"0\" cellpadding=\"0\">\n<tbody>\n<tr>\n<td colspan=\"2\" width=\"590\" valign=\"top\"><a href=\"http:\/\/ec.europa.eu\/romania\/index_ro.htm\" target=\"_blank\"><strong>Comisia European\u0103 \u00een Rom\u00e2nia<\/strong><\/a><img loading=\"lazy\" decoding=\"async\" title=\"Comisia European\u0103 \u00een Rom\u00e2nia\" src=\".\/poze\/1.jpg\" alt=\"Comisia European\u0103 \u00een Rom\u00e2nia\" width=\"356\" height=\"52\" \/><\/td>\n<\/tr>\n<tr>\n<td colspan=\"2\" width=\"590\" valign=\"top\"><a href=\"http:\/\/europa.eu\/lisbon_treaty\/index_ro.htm\" target=\"_blank\"><img loading=\"lazy\" decoding=\"async\" class=\"aligncenter\" title=\"Tratatul de la Lisabona\" src=\"http:\/\/europa.eu\/lisbon_treaty\/images\/banner_ro.jpg\" alt=\"Tratatul de la Lisabona\" width=\"446\" height=\"75\" \/><\/a><\/td>\n<\/tr>\n<tr>\n<td colspan=\"2\" width=\"590\" valign=\"top\">\u00a0<a href=\"http:\/\/www.apdrp.ro\" target=\"_blank\"><img loading=\"lazy\" decoding=\"async\" id=\"poza_logo_header\" usemap=\"#logo_area\" src=\"http:\/\/www.apdrp.ro\/uploads\/imagini\/header\/logo_header.png\" alt=\"\" width=\"533\" height=\"68\" \/><\/a><\/td>\n<\/tr>\n<tr>\n<td colspan=\"2\" width=\"590\" valign=\"top\">\u00a0<a href=\"http:\/\/www.apia.org.ro\" target=\"_blank\"><img loading=\"lazy\" decoding=\"async\" src=\"http:\/\/www.apia.org.ro\/APIA_files\/antet-apia.jpg\" border=\"0\" alt=\"\" width=\"537\" height=\"80\" \/><\/a><\/td>\n<\/tr>\n<tr>\n<td width=\"295\" valign=\"top\">\u00a0<\/td>\n<td width=\"295\" valign=\"top\">\u00a0<\/td>\n<\/tr>\n<\/tbody>\n<\/table>\n","protected":false},"excerpt":{"rendered":"<p>Comisia European\u0103 \u00een Rom\u00e2nia \u00a0 \u00a0 \u00a0 \u00a0<\/p>\n","protected":false},"author":2,"featured_media":0,"parent":226,"menu_order":0,"comment_status":"closed","ping_status":"closed","template":"","meta":{"footnotes":""},"class_list":["post-238","page","type-page","status-publish","hentry"],"_links":{"self":[{"href":"https:\/\/comunasilisteacrucii.ro\/index.php?rest_route=\/wp\/v2\/pages\/238","targetHints":{"allow":["GET"]}}],"collection":[{"href":"https:\/\/comunasilisteacrucii.ro\/index.php?rest_route=\/wp\/v2\/pages"}],"about":[{"href":"https:\/\/comunasilisteacrucii.ro\/index.php?rest_route=\/wp\/v2\/types\/page"}],"author":[{"embeddable":true,"href":"https:\/\/comunasilisteacrucii.ro\/index.php?rest_route=\/wp\/v2\/users\/2"}],"replies":[{"embeddable":true,"href":"https:\/\/comunasilisteacrucii.ro\/index.php?rest_route=%2Fwp%2Fv2%2Fcomments&post=238"}],"version-history":[{"count":13,"href":"https:\/\/comunasilisteacrucii.ro\/index.php?rest_route=\/wp\/v2\/pages\/238\/revisions"}],"predecessor-version":[{"id":455,"href":"https:\/\/comunasilisteacrucii.ro\/index.php?rest_route=\/wp\/v2\/pages\/238\/revisions\/455"}],"up":[{"embeddable":true,"href":"https:\/\/comunasilisteacrucii.ro\/index.php?rest_route=\/wp\/v2\/pages\/226"}],"wp:attachment":[{"href":"https:\/\/comunasilisteacrucii.ro\/index.php?rest_route=%2Fwp%2Fv2%2Fmedia&parent=238"}],"curies":[{"name":"wp","href":"https:\/\/api.w.org\/{rel}","templated":true}]}}