{"id":2,"date":"2011-03-29T14:26:21","date_gmt":"2011-03-29T14:26:21","guid":{"rendered":"http:\/\/.\/?page_id=2"},"modified":"2025-03-03T15:04:50","modified_gmt":"2025-03-03T15:04:50","slug":"sample-page","status":"publish","type":"page","link":"https:\/\/comunasilisteacrucii.ro\/?page_id=2","title":{"rendered":"Asezarea localitatii"},"content":{"rendered":"<p>Localitatea Sili\u015ftea Crucii se afl\u0103 \u00een judetul Dolj.<br \/>\nSilistea Crucii (Dolj) este situat la:<br \/>\n                   3.5 km de la Afumati (Dolj).<br \/>\n                   6.5 km de la Cioroiasiu (Dolj).<br \/>\n                   7.8 km de la Urzicuta (Dolj).<br \/>\n                   11.3 km de la Perisor (Dolj).<br \/>\n                   12 km de la Giubega (Dolj).<\/p>\n<p><iframe loading=\"lazy\" width=\"425\" height=\"350\" frameborder=\"0\" scrolling=\"no\" marginheight=\"0\" marginwidth=\"0\" src=\"https:\/\/maps.google.ro\/maps?f=q&amp;source=s_q&amp;hl=ro&amp;geocode=&amp;q=silistea+crucii+dolj&amp;aq=&amp;sll=43.850127,23.799992&amp;sspn=0.057812,0.119305&amp;gl=ro&amp;g=Gighera&amp;ie=UTF8&amp;hq=&amp;hnear=Sili%C5%9Ftea+Crucii,+Dolj&amp;ll=44.044676,23.474604&amp;spn=0.02881,0.059652&amp;z=14&amp;output=embed\"><\/iframe><br \/><small><a href=\"https:\/\/maps.google.ro\/maps?f=q&amp;source=embed&amp;hl=ro&amp;geocode=&amp;q=silistea+crucii+dolj&amp;aq=&amp;sll=43.850127,23.799992&amp;sspn=0.057812,0.119305&amp;gl=ro&amp;g=Gighera&amp;ie=UTF8&amp;hq=&amp;hnear=Sili%C5%9Ftea+Crucii,+Dolj&amp;ll=44.044676,23.474604&amp;spn=0.02881,0.059652&amp;z=14\" style=\"color:#0000FF;text-align:left\">Vizualizare hart\u0103 m\u0103rit\u0103<\/a><\/small><br \/>\nCoordonatele geografice Sili\u015ftea Crucii:<\/p>\n<p>44.044676 latitudine nordica<br \/>\n23.474604\u00a0longitudine estica<\/p>\n","protected":false},"excerpt":{"rendered":"<p>Localitatea Sili\u015ftea Crucii se afl\u0103 \u00een judetul Dolj. Silistea Crucii (Dolj) este situat la: 3.5 km de la Afumati (Dolj). 6.5 km de la Cioroiasiu (Dolj). 7.8 km de la Urzicuta (Dolj). 11.3 km de la Perisor (Dolj). 12 km de la Giubega (Dolj). Vizualizare hart\u0103 m\u0103rit\u0103 Coordonatele geografice Sili\u015ftea Crucii: 44.044676 latitudine nordica 23.474604\u00a0longitudine &hellip; <a href=\"https:\/\/comunasilisteacrucii.ro\/?page_id=2\" class=\"more-link\">Continue reading <span class=\"screen-reader-text\">Asezarea localitatii<\/span> <span class=\"meta-nav\">&rarr;<\/span><\/a><\/p>\n","protected":false},"author":2,"featured_media":0,"parent":264,"menu_order":0,"comment_status":"closed","ping_status":"closed","template":"","meta":{"footnotes":""},"class_list":["post-2","page","type-page","status-publish","hentry"],"_links":{"self":[{"href":"https:\/\/comunasilisteacrucii.ro\/index.php?rest_route=\/wp\/v2\/pages\/2","targetHints":{"allow":["GET"]}}],"collection":[{"href":"https:\/\/comunasilisteacrucii.ro\/index.php?rest_route=\/wp\/v2\/pages"}],"about":[{"href":"https:\/\/comunasilisteacrucii.ro\/index.php?rest_route=\/wp\/v2\/types\/page"}],"author":[{"embeddable":true,"href":"https:\/\/comunasilisteacrucii.ro\/index.php?rest_route=\/wp\/v2\/users\/2"}],"replies":[{"embeddable":true,"href":"https:\/\/comunasilisteacrucii.ro\/index.php?rest_route=%2Fwp%2Fv2%2Fcomments&post=2"}],"version-history":[{"count":32,"href":"https:\/\/comunasilisteacrucii.ro\/index.php?rest_route=\/wp\/v2\/pages\/2\/revisions"}],"predecessor-version":[{"id":1696,"href":"https:\/\/comunasilisteacrucii.ro\/index.php?rest_route=\/wp\/v2\/pages\/2\/revisions\/1696"}],"up":[{"embeddable":true,"href":"https:\/\/comunasilisteacrucii.ro\/index.php?rest_route=\/wp\/v2\/pages\/264"}],"wp:attachment":[{"href":"https:\/\/comunasilisteacrucii.ro\/index.php?rest_route=%2Fwp%2Fv2%2Fmedia&parent=2"}],"curies":[{"name":"wp","href":"https:\/\/api.w.org\/{rel}","templated":true}]}}