{"id":183,"date":"2011-04-06T16:57:05","date_gmt":"2011-04-06T16:57:05","guid":{"rendered":"http:\/\/.\/?page_id=183"},"modified":"2019-06-27T10:56:12","modified_gmt":"2019-06-27T10:56:12","slug":"ordine-de-zi-sedinte","status":"publish","type":"page","link":"https:\/\/comunasilisteacrucii.ro\/?page_id=183","title":{"rendered":"Ordine de zi sedinte"},"content":{"rendered":"<p><strong>ORDINEA DE ZI A SEDIN\u021aEI ORDINARE A CONSILIULUI LOCAL AL COMUNEI SILI\u0218TEA CRUCII DIN DATA DE <\/strong><strong>27.06.2019<\/strong><\/p>\n<ol>\n<li>Proiect de hot\u0103r\u00e2re privind alegerea pre\u015fedintelui de \u015fedin\u0163\u0103.<\/li>\n<li>Proiect de hot\u0103r\u00e2re privind aprobarea valorii de investi\u0163ie a proiectului intitulat \u201eAchizi\u021bie utilaj \u0219i echipamente \u00een vederea dotarii SVSU Silistea Crucii, jud. Dolj\u201d in Comuna Silistea Crucii, Judetul Dolj \u0219i solicitarea unei Scrisori de garantie de la FNGCIMM SA IFN.<\/li>\n<li>Diverse.<\/li>\n<\/ol>\n<p><strong>ORDINEA DE ZI A SEDIN\u021aEI ORDINARE A CONSILIULUI LOCAL AL COMUNEI SILI\u0218TEA CRUCII DIN DATA DE 30<\/strong><strong>.05.2019<\/strong><\/p>\n<ol>\n<li>Informare privind demararea activit\u0103\u021bii de colectare a de\u0219eurilor de pe raza comunei Sili\u0219tea Crucii, jude\u021bul Dolj.<\/li>\n<li>Diverse<\/li>\n<\/ol>\n<p><strong>ORDINEA DE ZI A SEDIN\u021aEI ORDINARE A CONSILIULUI LOCAL AL COMUNEI SILI\u0218TEA CRUCII DIN DATA DE 25.04.2019<\/strong><br \/>\n1. Proiect de hot\u0103r\u00e2re privind privind aprobarea bugetului de venituri \u0219i cheltuieli pe anul 2019, precum \u0219i aprobarea listei de investi\u021bii pe anul 2019.<br \/>\n2. Diverse.<\/p>\n<p><strong>ORDINEA DE ZI A SEDIN\u021aEI ORDINARE A CONSILIULUI LOCAL AL COMUNEI SILI\u0218TEA CRUCII DIN DATA DE <\/strong><strong>26.03.2019<\/strong><\/p>\n<ol>\n<li>Proiect de hot\u0103r\u00e2re privind alegerea pre\u015fedintelui de \u015fedin\u0163\u0103.<\/li>\n<li>Proiect de hot\u0103r\u00e2re privind propunerea acord\u0103rii calificativului la evaluarea performan\u021belor profesionale individuale pentru secretarul comunei Sili\u0219tea Crucii pe anul 2018.<\/li>\n<li>Diverse.<\/li>\n<\/ol>\n<p><strong>ORDINEA DE ZI A SEDIN\u021aEI ORDINARE A CONSILIULUI LOCAL AL COMUNEI SILI\u0218TEA CRUCII DIN DATA DE <\/strong><strong>28.02.2019<\/strong><\/p>\n<ol>\n<li>Proiect de hot\u0103r\u00e2re privind modificarea capitolului \u201dAlte taxe locale\u201d art. 22 alin. (6) din Anexa nr. 1 la HCL nr. 27\/25.10.2018 privind aprobarea impozitelor \u0219i taxelor locale pentru anul 2019.<\/li>\n<li>Diverse<\/li>\n<\/ol>\n<p><strong>ORDINEA DE ZI A SEDIN\u021aEI ORDINARE A CONSILIULUI LOCAL AL COMUNEI SILI\u0218TEA CRUCII DIN DATA DE <\/strong><strong>29.01.2019<\/strong><\/p>\n<ol>\n<li>Proiect de hot\u0103r\u00e2re privind organizarea re\u021belei \u0219colare la nivelul comunei Sili\u0219tea Crucii pentru anul \u0219colar 2019 \u2013 2020.<\/li>\n<li>Proiect de hot\u0103r\u00e2re privind aprobarea Planului de ac\u021biuni sau lucr\u0103ri de interes local pentru anul 2019, pentru repartizarea orelor de munc\u0103 prestate lunar de c\u0103tre persoanele majore, apte de munc\u0103 din familia beneficiar\u0103 de ajutor social, \u00een conformitate cu prevederile Legii nr. 416\/2001 privind venitul minim garantat.<\/li>\n<li>Proiect de hot\u0103r\u00e2re privind stabilirea salariilor de baz\u0103 pentru func\u021bionarii publici \u0219i personalul contractual din cadrul aparatului de specialitate al Primarului comunei Sili\u0219tea Crucii.<\/li>\n<li>Diverse.<\/li>\n<\/ol>\n<p><strong>ORDINEA DE ZI A SEDIN\u021aEI <\/strong><strong>EXTRA<\/strong><strong>ORDINARE A CONSILIULUI LOCAL AL COMUNEI SILI\u0218TEA CRUCII DIN DATA DE <\/strong><strong>09.01.2019<\/strong><\/p>\n<ol>\n<li>Proiect de hot\u0103r\u00e2re privind acoperirea deficitului bugetar al anului 2018 la sec\u021biunea de dezvoltare.<\/li>\n<li>&nbsp;Proiect de hot\u0103r\u00e2re privind \u00eencheierea exerci\u021biului bugetar al anului 2018 \u0219i utilizarea excedentului bugetar al anului 2018.<\/li>\n<\/ol>\n<p>&#8212;&#8212;&#8212;&#8212;&#8212;&#8212;&#8212;&#8212;&#8212;&#8212;&#8212;&#8212;&#8212;&#8212;&#8212;&#8212;&#8212;&#8212;&#8212;&#8212;&#8212;-<\/p>\n<p><strong>ORDINEA DE ZI A SEDIN\u021aEI ORDINARE A CONSILIULUI LOCAL AL COMUNEI SILI\u0218TEA CRUCII DIN DATA DE 20<\/strong><strong>.12.2018<\/strong><\/p>\n<ol>\n<li>Proiect de hot\u0103r\u00e2re privind alegerea pre\u015fedintelui de \u015fedin\u0163\u0103.<\/li>\n<li>Proiect de hot\u0103r\u00e2re privind rectificarea bugetului de venituri \u0219i cheltuieli pe trimestrul IV, anul 2018.<\/li>\n<li>Diverse.<\/li>\n<\/ol>\n<p>ORDINEA DE ZI A SEDIN\u021aEI ORDINARE A CONSILIULUI LOCAL AL COMUNEI SILI\u0218TEA CRUCII DIN DATA DE 29.11.2018<br \/>\n1. Proiect de hot\u0103r\u00e2re privind rectificarea bugetului de venituri \u0219i cheltuieli pe trimestrul IV, anul 2018.<br \/>\n2. Diverse.<\/p>\n<p>ORDINEA DE ZI A SEDIN\u021aEI ORDINARE A CONSILIULUI LOCAL AL COMUNEI SILI\u0218TEA CRUCII DIN DATA DE 25.10.2018<br \/>\n1. Proiect de hot\u0103r\u00e2re privind transformarea func\u0163iei publice de inspector, clasa I, grad principal \u00een func\u0163ia public\u0103 de inspector, clasa I, grad superior ca urmare a promov\u0103rii \u00een grad, precum \u015fi aprobarea statului de func\u0163ii.<br \/>\n2. Proiect de hot\u0103r\u00e2re privind aprobarea impozitelor \u015fi taxelor locale pentru anul 2019.<br \/>\n3. Diverse.<\/p>\n<p>ORDINEA DE ZI A SEDIN\u021aEI ORDINARE A CONSILIULUI LOCAL AL COMUNEI SILI\u0218TEA CRUCII DIN DATA DE 27.09.2018<br \/>\n1. Proiect de hot\u0103r\u00e2re privind alegerea pre\u0219edintelui de \u0219edin\u021b\u0103.<br \/>\n2. Proiect de hot\u0103r\u00e2re privind desemnarea unui reprezentant al Consiliului Local al comunei Sili\u0219tea Crucii \u00een Consiliul de Administra\u021bie al \u0218colii Gimnaziale Sili\u0219tea Crucii.<br \/>\n3. Proiect de hot\u0103r\u00e2re privind rectificarea bugetului de venituri \u0219i cheltuieli pe trimestrul III, anul 2018.<br \/>\n4. Diverse.<\/p>\n<p>ORDINEA DE ZI A SEDIN\u021aEI ORDINARE A CONSILIULUI LOCAL AL COMUNEI SILI\u0218TEA CRUCII DIN DATA DE 23.08.2018<br \/>\n1. Proiect de hot\u0103r\u00e2re privind rectificarea bugetului de venituri \u0219i cheltuieli pe trimestrul III, anul 2018.<br \/>\n2. Proiect de hot\u0103r\u00e2re privind completarea capitolului \u201dAlte taxe locale\u201d art. 22 alin. (6) din Anexa nr. 1 la HCL nr. 34\/19.12.2017 privind aprobarea impozitelor \u0219i taxelor locale pentru anul 2018 \u0219i completat\u0103 prin HCL nr. 6\/28.02.2018.<br \/>\n3. Diverse.<\/p>\n<p><strong>ORDINEA DE ZI A SEDIN\u021aEI ORDINARE A CONSILIULUI LOCAL AL COMUNEI SILI\u0218TEA CRUCII DIN DATA DE 18.07.2018<\/strong><\/p>\n<p><strong>&nbsp;<\/strong>Proiect de hot\u0103r\u00e2re privind aprobarea Planului de ocupare a functiilor publice din cadrul aparatului propriu al primarului comunei Sili\u0219tea Crucii pentru anul 2019.<\/p>\n<ol>\n<li>Proiect de hot\u0103r\u00e2re privind rectificarea bugetului de venituri \u0219i cheltuieli pe trimestrul III, anul 2018.<\/li>\n<li>Diverse.<\/li>\n<\/ol>\n<p>ORDINEA DE ZI A SEDIN\u021aEI ORDINARE A CONSILIULUI LOCAL AL COMUNEI SILI\u0218TEA CRUCII DIN DATA DE 26.06.2018<\/p>\n<p>1. Proiect de hot\u0103r\u00e2re privind alegerea pre\u0219edintelui de \u0219edin\u021b\u0103.<br \/>\n2. Proiect de hot\u0103r\u00e2re privind aprobarea contractelor-cadru accesorii Contractului \u201dDelegarea prin concesionare a gestiunii unor activit\u0103\u021bi componente ale serviciului de salubrizare, respectiv colectarea \u0219i transportul de\u0219eurilor municipale \u0219i a altor fluxuri de de\u0219euri \u00een judetul Dolj \u0219i operarea sta\u021biei de sortare \u0219i transfer Goicea\u201d \u0219i a tarifelor aferente.<br \/>\n3. Diverse.<\/p>\n<p>ORDINEA DE ZI A SEDIN\u021aEI ORDINARE A CONSILIULUI LOCAL AL COMUNEI SILI\u0218TEA CRUCII DIN DATA DE 31.05.2018<\/p>\n<p>1. Proiect de hot\u0103r\u00e2re privind aprobarea \u201dRegulamentului privind instituirea \u0219i administrarea taxei speciale de salubrizare in comuna Sili\u0219tea Crucii, jude\u021bul Dolj\u201d.<br \/>\n2. Adresa nr. 319\/08.05.2018 a \u0218colii Gimnaziale Sili\u0219tea Crucii \u0219i \u00eenregistrat\u0103 la Prim\u0103ria comunei Sili\u0219tea Crucii sub nr. 956\/08.05.2018.<br \/>\n3. Diverse.<\/p>\n<p>ORDINEA DE ZI A SEDIN\u021aEI ORDINARE A CONSILIULUI LOCAL AL COMUNEI SILI\u0218TEA CRUCII DIN DATA DE 26.04.2018<\/p>\n<p>1. Informare privind situa\u021bia \u00eens\u0103m\u00e2n\u021b\u0103rii culturilor de prim\u0103var\u0103 \u0219i starea de vegeta\u021bie a acestora la nivelul comunei Sili\u0219tea Crucii.<br \/>\n2. Diverse.<\/p>\n<p>ORDINEA DE ZI A SEDIN\u021aEI ORDINARE A CONSILIULUI LOCAL AL COMUNEI SILI\u0218TEA CRUCII DIN DATA DE 29.03.2018<\/p>\n<ul>\n<li>Proiect de hot\u0103r\u00e2re privind alegerea pre\u0219edintelui de \u0219edin\u021b\u0103.<\/li>\n<li>Proiect de hot\u0103r\u00e2re privind stabilirea unor contraven\u021bii \u0219i sanc\u021biuni \u00een domeniul p\u0103\u0219unatului.<\/li>\n<li>Diverse.<\/li>\n<\/ul>\n","protected":false},"excerpt":{"rendered":"<p>ORDINEA DE ZI A SEDIN\u021aEI ORDINARE A CONSILIULUI LOCAL AL COMUNEI SILI\u0218TEA CRUCII DIN DATA DE 27.06.2019 Proiect de hot\u0103r\u00e2re privind alegerea pre\u015fedintelui de \u015fedin\u0163\u0103. Proiect de hot\u0103r\u00e2re privind aprobarea valorii de investi\u0163ie a proiectului intitulat \u201eAchizi\u021bie utilaj \u0219i echipamente \u00een vederea dotarii SVSU Silistea Crucii, jud. Dolj\u201d in Comuna Silistea Crucii, Judetul Dolj \u0219i &hellip; <a href=\"https:\/\/comunasilisteacrucii.ro\/?page_id=183\" class=\"more-link\">Continue reading <span class=\"screen-reader-text\">Ordine de zi sedinte<\/span> <span class=\"meta-nav\">&rarr;<\/span><\/a><\/p>\n","protected":false},"author":2,"featured_media":0,"parent":181,"menu_order":0,"comment_status":"closed","ping_status":"closed","template":"","meta":{"footnotes":""},"class_list":["post-183","page","type-page","status-publish","hentry"],"_links":{"self":[{"href":"https:\/\/comunasilisteacrucii.ro\/index.php?rest_route=\/wp\/v2\/pages\/183","targetHints":{"allow":["GET"]}}],"collection":[{"href":"https:\/\/comunasilisteacrucii.ro\/index.php?rest_route=\/wp\/v2\/pages"}],"about":[{"href":"https:\/\/comunasilisteacrucii.ro\/index.php?rest_route=\/wp\/v2\/types\/page"}],"author":[{"embeddable":true,"href":"https:\/\/comunasilisteacrucii.ro\/index.php?rest_route=\/wp\/v2\/users\/2"}],"replies":[{"embeddable":true,"href":"https:\/\/comunasilisteacrucii.ro\/index.php?rest_route=%2Fwp%2Fv2%2Fcomments&post=183"}],"version-history":[{"count":19,"href":"https:\/\/comunasilisteacrucii.ro\/index.php?rest_route=\/wp\/v2\/pages\/183\/revisions"}],"predecessor-version":[{"id":1233,"href":"https:\/\/comunasilisteacrucii.ro\/index.php?rest_route=\/wp\/v2\/pages\/183\/revisions\/1233"}],"up":[{"embeddable":true,"href":"https:\/\/comunasilisteacrucii.ro\/index.php?rest_route=\/wp\/v2\/pages\/181"}],"wp:attachment":[{"href":"https:\/\/comunasilisteacrucii.ro\/index.php?rest_route=%2Fwp%2Fv2%2Fmedia&parent=183"}],"curies":[{"name":"wp","href":"https:\/\/api.w.org\/{rel}","templated":true}]}}